{"id":1599,"date":"2015-01-03T17:42:22","date_gmt":"2015-01-03T16:42:22","guid":{"rendered":"https:\/\/maroccoexperience.com\/home\/"},"modified":"2025-11-04T12:29:26","modified_gmt":"2025-11-04T11:29:26","slug":"accueil","status":"publish","type":"page","link":"https:\/\/maroccoexperience.com\/fr\/","title":{"rendered":"Accueil"},"content":{"rendered":"\n<h2 class=\"wp-block-heading\" id=\"h-le-maroc-en-mots\"><br>LE MAROC EN MOTS:<\/h2>\n\n\n\n<p>Le Maroc est situ\u00e9 en Afrique du Nord, avec ses fronti\u00e8res qui touchent la mer M\u00e9diterran\u00e9e et l&rsquo;Espagne au nord, l&rsquo;Alg\u00e9rie \u00e0 l&rsquo;est et l&rsquo;oc\u00e9an Atlantique \u00e0 l&rsquo;ouest, situ\u00e9 dans l&rsquo;un des emplacements g\u00e9ographiques les plus importants du monde. Rabat est la capitale du Maroc, tandis que Casablanca (la ville qui fait tourner cent r\u00eaves) est sa plus grande ville et la deuxi\u00e8me plus grande ville d&rsquo;Afrique du Nord apr\u00e8s le Caire et qui est \u00e9galement consid\u00e9r\u00e9e comme la capitale \u00e9conomique du Maroc.<\/p>\n\n\n\n<figure class=\"wp-block-video\"><video height=\"308\" style=\"aspect-ratio: 640 \/ 308;\" width=\"640\" autoplay controls loop muted src=\"https:\/\/maroccoexperience.com\/wp-content\/uploads\/2025\/11\/video-marocco-experience-online-video-cutter.com-2-1.mp4\"><\/video><\/figure>\n\n\n\n<p>Le climat du Maroc est m\u00e9diterran\u00e9en, ce qui signifie beaucoup de journ\u00e9es chaudes et ensoleill\u00e9es tout au long de l&rsquo;ann\u00e9e. Les hivers sont cool ici. Cependant, dans les r\u00e9gions montagneuses du pays, les temp\u00e9ratures augmentent et il serait bon que vous vous approvisionniez en cons\u00e9quence.<\/p>\n\n\n\n<p>&nbsp;Vous aurez une id\u00e9e de la population marocaine sur les march\u00e9s anim\u00e9s. Mais juste pour les statistiques, c&rsquo;est le quatri\u00e8me pays africain le plus peupl\u00e9 avec des chiffres de population atteignant 33 854 675 selon le recensement de 2015. Les rues peuvent \u00eatre bond\u00e9es dans certaines villes mais le peuple marocain est plus chaleureux et plus amical.<\/p>\n\n\n\n<h2 class=\"wp-block-heading\" id=\"h-marocco-experience\">MAROCCO EXPERIENCE<\/h2>\n\n\n\n<p> <em>Apr\u00e8s avoir voyag\u00e9 avec nous, vous ne voudrez plus jamais aller ailleurs.<\/em> <\/p>\n\n\n\n<p> Nous sommes tomb\u00e9s amoureux du Maroc et nous ne voulons plus le quitter. Nous avons parcouru ses rues et avons continu\u00e9 \u00e0 le faire pendant des ann\u00e9es, vivant chaque fois une exp\u00e9rience diff\u00e9rente. Le Maroc est devenu notre plus grande passion: il n\u2019y a pas d\u2019autre endroit au monde que nous aimions et connaissions si bien. C\u2019est pourquoi nous avons d\u00e9cid\u00e9 de partager notre exp\u00e9rience, en construisant un voyage con\u00e7u pour vous pour chaque saison, pour chaque mois et pour toute l\u2019ann\u00e9e. En janvier \u00e0 Marrakech, en f\u00e9vrier sur les sommets enneig\u00e9s du Haut Atlas, en avril dans le d\u00e9sert, en mai dans la Rose Valley, en ao\u00fbt sur la c\u00f4te atlantique et en d\u00e9cembre dans le grand sud.<br>Voyager c\u2019est vivre. <\/p>\n\n\n\n<h3 class=\"wp-block-heading has-text-align-center\" id=\"h-les-offres-speciales-avec-marocco-experience\"> LES OFFRES SP\u00c9CIALES AVEC MAROCCO EXPERIENCE <\/h3>\n\n\n\n<p class=\"has-text-align-center\"> <em>Les voyages les plus populaires en offre sp\u00e9ciale. Nouvelle saison, nouvelles offres! Revenez nous trouver.<\/em> <\/p>\n\n\n\n<p class=\"has-text-align-center has-luminous-vivid-orange-color has-text-color\"> <strong>N\u2019oubliez pas: chacun de nos voyages est sur mesure!<\/strong><br><a href=\"mailto:info@maroccoexperience.com\"><strong>\u00c9crivez-nous<\/strong><\/a><strong>&nbsp;<\/strong>pour nous faire savoir ce que vous aimez, ce que vous cherchez, ce que vous voulez. Votre exp\u00e9rience sera unique.<\/p>\n\n\n\n<p><\/p>\n\n\n\n<div class=\"wp-block-columns is-layout-flex wp-container-core-columns-is-layout-9d6595d7 wp-block-columns-is-layout-flex\">\n<div class=\"wp-block-column is-layout-flow wp-block-column-is-layout-flow\"><div class=\"wp-block-image\">\n<figure class=\"aligncenter size-full is-resized\"><a href=\"https:\/\/maroccoexperience.com\/wp-content\/uploads\/2025\/03\/image-marrocan-7.jpg\"><img loading=\"lazy\" decoding=\"async\" width=\"337\" height=\"542\" src=\"https:\/\/maroccoexperience.com\/wp-content\/uploads\/2025\/03\/image-marrocan-7.jpg\" alt=\"\" class=\"wp-image-2331\" style=\"width:227px;height:auto\" srcset=\"https:\/\/maroccoexperience.com\/wp-content\/uploads\/2025\/03\/image-marrocan-7.jpg 337w, https:\/\/maroccoexperience.com\/wp-content\/uploads\/2025\/03\/image-marrocan-7-93x150.jpg 93w, https:\/\/maroccoexperience.com\/wp-content\/uploads\/2025\/03\/image-marrocan-7-300x482.jpg 300w\" sizes=\"auto, (max-width: 337px) 100vw, 337px\" \/><\/a><\/figure>\n<\/div>\n\n\n<h4 class=\"wp-block-heading has-text-align-center\" id=\"h-fes-marrakech-rabat\"><strong> FES, MARRAKECH, RABAT <\/strong><\/h4>\n\n\n\n<p class=\"has-text-align-center has-luminous-vivid-amber-color has-text-color\"><em><strong> Culture &#8211; Couple &#8211; Photographie<\/strong><\/em><\/p>\n\n\n\n<p class=\"has-text-align-center\"> <em>5 jours \/ 4 nuits<\/em><\/p>\n\n\n\n<p class=\"has-text-align-center has-luminous-vivid-orange-color has-very-light-gray-background-color has-text-color has-background\"> <a href=\"https:\/\/maroccoexperience.com\/fr\/trip\/les-villes-imperiales\/\">EN SAVOIR PLUS<\/a> <\/p>\n<\/div>\n\n\n\n<div class=\"wp-block-column is-layout-flow wp-block-column-is-layout-flow\"><div class=\"wp-block-image\">\n<figure class=\"aligncenter size-full is-resized\"><a href=\"https:\/\/maroccoexperience.com\/wp-content\/uploads\/2025\/03\/image-marrocan-6.jpg\"><img loading=\"lazy\" decoding=\"async\" width=\"365\" height=\"536\" src=\"https:\/\/maroccoexperience.com\/wp-content\/uploads\/2025\/03\/image-marrocan-6.jpg\" alt=\"\" class=\"wp-image-2329\" style=\"width:249px;height:auto\" srcset=\"https:\/\/maroccoexperience.com\/wp-content\/uploads\/2025\/03\/image-marrocan-6.jpg 365w, https:\/\/maroccoexperience.com\/wp-content\/uploads\/2025\/03\/image-marrocan-6-102x150.jpg 102w, https:\/\/maroccoexperience.com\/wp-content\/uploads\/2025\/03\/image-marrocan-6-300x441.jpg 300w\" sizes=\"auto, (max-width: 365px) 100vw, 365px\" \/><\/a><\/figure>\n<\/div>\n\n\n<h4 class=\"wp-block-heading has-text-align-center\" id=\"h-marrakech-skoura-atlas-et-desert\"><strong>MARRAKECH, SKOURA, ATLAS ET DESERT<\/strong><\/h4>\n\n\n\n<p class=\"has-text-align-center has-luminous-vivid-amber-color has-text-color\"> <strong><em>Aventure &#8211; Couple &#8211; Amis<\/em><\/strong> <\/p>\n\n\n\n<p class=\"has-text-align-center\"><em>7 jours \/ 6 nuits<\/em><\/p>\n\n\n\n<p class=\"has-text-align-center has-luminous-vivid-orange-color has-very-light-gray-background-color has-text-color has-background\"> <a href=\"https:\/\/maroccoexperience.com\/fr\/trip\/marrakech-skoura-atlas-et-desert\/\">EN SAVOIR PLUS <\/a><\/p>\n<\/div>\n\n\n\n<div class=\"wp-block-column is-layout-flow wp-block-column-is-layout-flow\">\n<figure class=\"wp-block-image\"><img decoding=\"async\" src=\"https:\/\/maroccoexperience.com\/wp-content\/uploads\/2015\/01\/chegagaofferta.jpg\" alt=\"Marocco experience vacanze\"\/><\/figure>\n\n\n\n<h4 class=\"wp-block-heading has-text-align-center\" id=\"h-traverser-le-desert-du-sahara\"> <strong>TRAVERSER LE DESERT DU SAHARA<\/strong><\/h4>\n\n\n\n<p class=\"has-text-align-center has-luminous-vivid-amber-color has-text-color\"><em><strong> Aventure &#8211; Couple &#8211; Photographie<\/strong><\/em> <\/p>\n\n\n\n<p class=\"has-text-align-center\"><em>8 jours \/ 7 nuits<\/em><\/p>\n\n\n\n<p class=\"has-text-align-center has-luminous-vivid-orange-color has-very-light-gray-background-color has-text-color has-background\"> <a href=\"https:\/\/maroccoexperience.com\/fr\/trip\/traverser-le-desert\/\">EN SAVOIR PLUS<\/a> <\/p>\n<\/div>\n<\/div>\n\n\n\n<h2 class=\"wp-block-heading has-text-align-center\" id=\"h-visites-guidees\"> VISITES GUID\u00c9ES <\/h2>\n\n\n\n<p class=\"has-text-align-center\"> <em>Les endroits les plus beaux et secrets des villes du Maroc<\/em><\/p>\n\n\n\n<p class=\"has-text-align-left\"> Nous ne nous sommes pas content\u00e9s de passer des mois et des mois sur les routes du Maroc, nous sommes entr\u00e9s dans ces merveilleux labyrinthes qui sont la m\u00e9dina des villes historiques. Voulez-vous les voir avec nous?  <\/p>\n\n\n\n<div class=\"wp-block-columns is-layout-flex wp-container-core-columns-is-layout-9d6595d7 wp-block-columns-is-layout-flex\">\n<div class=\"wp-block-column is-layout-flow wp-block-column-is-layout-flow\">\n<h5 class=\"wp-block-heading\" id=\"h-medina-de-fes\"> M\u00c9DINA DE F\u00c8S <\/h5>\n\n\n\n<p style=\"font-size:15.7px\"> Rendez-vous avec le guide autoris\u00e9 pour la visite de la plus grande m\u00e9dina du pays. D\u00e8s que vous avez franchi l\u2019une des nombreuses portes, un voyage dans le temps commence. Le labyrinthe de ruelles est une succession de magnifiques auvents, portes et jeux de cordes en bois de c\u00e8dre marquet\u00e9. Nous visitons la Madrasa (\u00e9cole coranique), admirons la fontaine Neijarine et, en marchant, longez la mosqu\u00e9e El-Qaraouiyyin (\u00e0 laquelle seuls les musulmans peuvent acc\u00e9der). Toujours immerg\u00e9 dans les souks vous pourrez visiter les Foundouks (construction typique) et continuer vers les tanneries et leurs couleurs. <\/p>\n\n\n<div class=\"wp-block-image\">\n<figure class=\"aligncenter size-full is-resized\"><a href=\"https:\/\/maroccoexperience.com\/wp-content\/uploads\/2025\/03\/image-marrocan.jpg\"><img loading=\"lazy\" decoding=\"async\" width=\"438\" height=\"697\" src=\"https:\/\/maroccoexperience.com\/wp-content\/uploads\/2025\/03\/image-marrocan.jpg\" alt=\"\" class=\"wp-image-2325\" style=\"width:261px;height:auto\" srcset=\"https:\/\/maroccoexperience.com\/wp-content\/uploads\/2025\/03\/image-marrocan.jpg 438w, https:\/\/maroccoexperience.com\/wp-content\/uploads\/2025\/03\/image-marrocan-94x150.jpg 94w, https:\/\/maroccoexperience.com\/wp-content\/uploads\/2025\/03\/image-marrocan-400x637.jpg 400w, https:\/\/maroccoexperience.com\/wp-content\/uploads\/2025\/03\/image-marrocan-300x477.jpg 300w\" sizes=\"auto, (max-width: 438px) 100vw, 438px\" \/><\/a><\/figure>\n<\/div><\/div>\n\n\n\n<div class=\"wp-block-column is-layout-flow wp-block-column-is-layout-flow\">\n<h5 class=\"wp-block-heading\" id=\"h-medina-de-marrakech\"> M\u00c9DINA DE MARRAKECH <\/h5>\n\n\n\n<p style=\"font-size:18px\"> Rendez-vous avec le guide autoris\u00e9 pour la visite de la m\u00e9dina et de ses monuments: le palais de Bahia, les tombeaux saadiens, le magnifique Bab Agnaou et le minaret de la Koutoubia. En marchant dans les ruelles, entre les b\u00e2timents historiques et les jardins, vous atteignez la c\u00e9l\u00e8bre place Djemaa El Fna d\u2019o\u00f9, accompagn\u00e9 de musique, de danses et de spectacles, vous entrez dans les souks anim\u00e9s et color\u00e9s jusqu\u2019\u00e0 la madrasa Ben Youssef. <\/p>\n\n\n<div class=\"wp-block-image\">\n<figure class=\"aligncenter size-full is-resized\"><a href=\"https:\/\/maroccoexperience.com\/wp-content\/uploads\/2025\/03\/image-marrocan-2.jpg\"><img loading=\"lazy\" decoding=\"async\" width=\"438\" height=\"700\" src=\"https:\/\/maroccoexperience.com\/wp-content\/uploads\/2025\/03\/image-marrocan-2.jpg\" alt=\"\" class=\"wp-image-2323\" style=\"width:258px;height:auto\" srcset=\"https:\/\/maroccoexperience.com\/wp-content\/uploads\/2025\/03\/image-marrocan-2.jpg 438w, https:\/\/maroccoexperience.com\/wp-content\/uploads\/2025\/03\/image-marrocan-2-94x150.jpg 94w, https:\/\/maroccoexperience.com\/wp-content\/uploads\/2025\/03\/image-marrocan-2-400x639.jpg 400w, https:\/\/maroccoexperience.com\/wp-content\/uploads\/2025\/03\/image-marrocan-2-300x479.jpg 300w\" sizes=\"auto, (max-width: 438px) 100vw, 438px\" \/><\/a><\/figure>\n<\/div><\/div>\n\n\n\n<div class=\"wp-block-column is-layout-flow wp-block-column-is-layout-flow\">\n<h5 class=\"wp-block-heading\" id=\"h-medina-de-meknes\"> M\u00c9DINA DE MEKN\u00c8S <\/h5>\n\n\n\n<p style=\"font-size:17px\"> Les anciens ont construit Valdrada sur les rives d\u2019un lac avec des maisons, toutes les v\u00e9randas une au-dessus Rendez-vous avec le guide autoris\u00e9 pour la visite de la ville. De l\u2019imposant Bab Mansour, l\u2019une des plus belles portes de tout le Maroc, au r\u00e9servoir de l\u2019ancienne cit\u00e9 imp\u00e9riale, une r\u00e9serve d\u2019eau pour les jardins du palais imp\u00e9rial, de la s\u00e9rie d\u2019arcs des \u00e9curies aux grandes salles de granges, puis entrer dans les souks o\u00f9 les boutiques sont toujours r\u00e9parties selon les diff\u00e9rentes activit\u00e9s artisanales. <\/p>\n\n\n\n<figure class=\"wp-block-image size-full\"><a href=\"https:\/\/maroccoexperience.com\/wp-content\/uploads\/2025\/03\/image-marrocan-3.jpg\"><img loading=\"lazy\" decoding=\"async\" width=\"472\" height=\"700\" src=\"https:\/\/maroccoexperience.com\/wp-content\/uploads\/2025\/03\/image-marrocan-3.jpg\" alt=\"\" class=\"wp-image-2322\" srcset=\"https:\/\/maroccoexperience.com\/wp-content\/uploads\/2025\/03\/image-marrocan-3.jpg 472w, https:\/\/maroccoexperience.com\/wp-content\/uploads\/2025\/03\/image-marrocan-3-101x150.jpg 101w, https:\/\/maroccoexperience.com\/wp-content\/uploads\/2025\/03\/image-marrocan-3-400x593.jpg 400w, https:\/\/maroccoexperience.com\/wp-content\/uploads\/2025\/03\/image-marrocan-3-300x445.jpg 300w\" sizes=\"auto, (max-width: 472px) 100vw, 472px\" \/><\/a><\/figure>\n<\/div>\n<\/div>\n\n\n\n<h2 class=\"wp-block-heading has-text-align-center\" id=\"h-transfert\"> TRANSFERT <\/h2>\n\n\n\n<p> Peut-\u00eatre que vous avez juste besoin d\u2019une voiture? Besoin d\u2019un tour?<a href=\"mailto:info@maroccoexperience.com\">Contactez<\/a> Marocco Experience,&nbsp;Avec nous, vous pouvez voyager \u2026 <\/p>\n\n\n\n<div class=\"wp-block-columns is-layout-flex wp-container-core-columns-is-layout-9d6595d7 wp-block-columns-is-layout-flex\">\n<div class=\"wp-block-column is-layout-flow wp-block-column-is-layout-flow\">\n<h6 class=\"wp-block-heading\" id=\"h-de-marrakech-a\"> DE MARRAKECH \u00c0: <\/h6>\n\n\n\n<ul class=\"wp-block-list\">\n<li>&nbsp;Essaouira<\/li>\n\n\n\n<li>&nbsp;Casablanca<\/li>\n\n\n\n<li>&nbsp;Rabat<\/li>\n\n\n\n<li>&nbsp;Fes<\/li>\n\n\n\n<li>&nbsp;Mekn\u00e8s<\/li>\n\n\n\n<li>&nbsp;Ouarzazate<\/li>\n\n\n\n<li>&nbsp;Oasi di Skoura<\/li>\n<\/ul>\n<\/div>\n\n\n\n<div class=\"wp-block-column is-layout-flow wp-block-column-is-layout-flow\">\n<h6 class=\"wp-block-heading\" id=\"h-de-casablanca-a\"> DE CASABLANCA \u00c0: <\/h6>\n\n\n\n<ul class=\"wp-block-list\">\n<li>Marrakech<\/li>\n\n\n\n<li>&nbsp;Rabat<\/li>\n\n\n\n<li>&nbsp;Fes<\/li>\n\n\n\n<li>&nbsp;Mekn\u00e8s<\/li>\n\n\n\n<li>&nbsp;Essaouira<\/li>\n<\/ul>\n<\/div>\n\n\n\n<div class=\"wp-block-column is-layout-flow wp-block-column-is-layout-flow\">\n<h6 class=\"wp-block-heading\" id=\"h-de-fes-a\"> DE F\u00c8S \u00c0: <\/h6>\n\n\n\n<ul class=\"wp-block-list\">\n<li>Merzouga D\u00e9sert<\/li>\n\n\n\n<li>&nbsp;Chefchaouen<\/li>\n\n\n\n<li>&nbsp;Meknes<\/li>\n\n\n\n<li>&nbsp;Volubilis<\/li>\n<\/ul>\n<\/div>\n<\/div>\n","protected":false},"excerpt":{"rendered":"<p>LE MAROC EN MOTS: Le Maroc est situ\u00e9 en Afrique du Nord, avec ses fronti\u00e8res qui touchent la mer M\u00e9diterran\u00e9e et l&rsquo;Espagne au nord, l&rsquo;Alg\u00e9rie \u00e0 l&rsquo;est et l&rsquo;oc\u00e9an Atlantique \u00e0 l&rsquo;ouest, situ\u00e9 dans l&rsquo;un des emplacements g\u00e9ographiques les plus importants du monde. Rabat est la capitale du Maroc, tandis que Casablanca (la ville qui [&hellip;]<\/p>\n","protected":false},"author":1,"featured_media":0,"parent":0,"menu_order":0,"comment_status":"closed","ping_status":"closed","template":"","meta":{"_joinchat":[],"footnotes":""},"class_list":["post-1599","page","type-page","status-publish","hentry"],"yoast_head":"<!-- This site is optimized with the Yoast SEO Premium plugin v25.1 (Yoast SEO v27.3) - https:\/\/yoast.com\/product\/yoast-seo-premium-wordpress\/ -->\n<title>Marocco Experience- Tours, Excursions, Voyages, Offres et Promotions<\/title>\n<meta name=\"description\" content=\"Marocco Experience Offres des forfaits . Les circuits, excursions et itin\u00e9raires les plus populaires \u00e0 prix r\u00e9duit. Chaque saison, de nouvelles promotions!\" \/>\n<meta name=\"robots\" content=\"index, follow, max-snippet:-1, max-image-preview:large, max-video-preview:-1\" \/>\n<link rel=\"canonical\" href=\"https:\/\/maroccoexperience.com\/fr\/\" \/>\n<meta property=\"og:locale\" content=\"fr_FR\" \/>\n<meta property=\"og:type\" content=\"article\" \/>\n<meta property=\"og:title\" content=\"Accueil\" \/>\n<meta property=\"og:description\" content=\"Marocco Experience Offres des forfaits . Les circuits, excursions et itin\u00e9raires les plus populaires \u00e0 prix r\u00e9duit. Chaque saison, de nouvelles promotions!\" \/>\n<meta property=\"og:url\" content=\"https:\/\/maroccoexperience.com\/fr\/\" \/>\n<meta property=\"og:site_name\" content=\"Marocco Experience - Tours, Excursions, Voyages, Transferts, Offres et Promotions\" \/>\n<meta property=\"article:modified_time\" content=\"2025-11-04T11:29:26+00:00\" \/>\n<meta property=\"og:image\" content=\"https:\/\/maroccoexperience.com\/wp-content\/uploads\/2025\/03\/image-marrocan-7.jpg\" \/>\n\t<meta property=\"og:image:width\" content=\"337\" \/>\n\t<meta property=\"og:image:height\" content=\"542\" \/>\n\t<meta property=\"og:image:type\" content=\"image\/jpeg\" \/>\n<meta name=\"twitter:label1\" content=\"Dur\u00e9e de lecture estim\u00e9e\" \/>\n\t<meta name=\"twitter:data1\" content=\"6 minutes\" \/>\n<script type=\"application\/ld+json\" class=\"yoast-schema-graph\">{\"@context\":\"https:\\\/\\\/schema.org\",\"@graph\":[{\"@type\":\"WebPage\",\"@id\":\"https:\\\/\\\/maroccoexperience.com\\\/fr\\\/\",\"url\":\"https:\\\/\\\/maroccoexperience.com\\\/fr\\\/\",\"name\":\"Marocco Experience- Tours, Excursions, Voyages, Offres et Promotions\",\"isPartOf\":{\"@id\":\"https:\\\/\\\/maroccoexperience.com\\\/fr\\\/#website\"},\"primaryImageOfPage\":{\"@id\":\"https:\\\/\\\/maroccoexperience.com\\\/fr\\\/#primaryimage\"},\"image\":{\"@id\":\"https:\\\/\\\/maroccoexperience.com\\\/fr\\\/#primaryimage\"},\"thumbnailUrl\":\"https:\\\/\\\/maroccoexperience.com\\\/wp-content\\\/uploads\\\/2025\\\/03\\\/image-marrocan-7.jpg\",\"datePublished\":\"2015-01-03T16:42:22+00:00\",\"dateModified\":\"2025-11-04T11:29:26+00:00\",\"description\":\"Marocco Experience Offres des forfaits . Les circuits, excursions et itin\u00e9raires les plus populaires \u00e0 prix r\u00e9duit. Chaque saison, de nouvelles promotions!\",\"breadcrumb\":{\"@id\":\"https:\\\/\\\/maroccoexperience.com\\\/fr\\\/#breadcrumb\"},\"inLanguage\":\"fr-FR\",\"potentialAction\":[{\"@type\":\"ReadAction\",\"target\":[\"https:\\\/\\\/maroccoexperience.com\\\/fr\\\/\"]}]},{\"@type\":\"ImageObject\",\"inLanguage\":\"fr-FR\",\"@id\":\"https:\\\/\\\/maroccoexperience.com\\\/fr\\\/#primaryimage\",\"url\":\"https:\\\/\\\/maroccoexperience.com\\\/wp-content\\\/uploads\\\/2025\\\/03\\\/image-marrocan-7.jpg\",\"contentUrl\":\"https:\\\/\\\/maroccoexperience.com\\\/wp-content\\\/uploads\\\/2025\\\/03\\\/image-marrocan-7.jpg\"},{\"@type\":\"BreadcrumbList\",\"@id\":\"https:\\\/\\\/maroccoexperience.com\\\/fr\\\/#breadcrumb\",\"itemListElement\":[{\"@type\":\"ListItem\",\"position\":1,\"name\":\"Home\",\"item\":\"https:\\\/\\\/maroccoexperience.com\\\/fr\\\/\"},{\"@type\":\"ListItem\",\"position\":2,\"name\":\"Accueil\"}]},{\"@type\":\"WebSite\",\"@id\":\"https:\\\/\\\/maroccoexperience.com\\\/fr\\\/#website\",\"url\":\"https:\\\/\\\/maroccoexperience.com\\\/fr\\\/\",\"name\":\"Marocco Experience - Tours, Excursions, Voyages, Transferts, Offres et Promotions\",\"description\":\"Voyager c&#039;est vivre, visites guid\u00e9es, excursions au Maroc\",\"potentialAction\":[{\"@type\":\"SearchAction\",\"target\":{\"@type\":\"EntryPoint\",\"urlTemplate\":\"https:\\\/\\\/maroccoexperience.com\\\/fr\\\/?s={search_term_string}\"},\"query-input\":{\"@type\":\"PropertyValueSpecification\",\"valueRequired\":true,\"valueName\":\"search_term_string\"}}],\"inLanguage\":\"fr-FR\"}]}<\/script>\n<!-- \/ Yoast SEO Premium plugin. -->","yoast_head_json":{"title":"Marocco Experience- Tours, Excursions, Voyages, Offres et Promotions","description":"Marocco Experience Offres des forfaits . Les circuits, excursions et itin\u00e9raires les plus populaires \u00e0 prix r\u00e9duit. Chaque saison, de nouvelles promotions!","robots":{"index":"index","follow":"follow","max-snippet":"max-snippet:-1","max-image-preview":"max-image-preview:large","max-video-preview":"max-video-preview:-1"},"canonical":"https:\/\/maroccoexperience.com\/fr\/","og_locale":"fr_FR","og_type":"article","og_title":"Accueil","og_description":"Marocco Experience Offres des forfaits . Les circuits, excursions et itin\u00e9raires les plus populaires \u00e0 prix r\u00e9duit. Chaque saison, de nouvelles promotions!","og_url":"https:\/\/maroccoexperience.com\/fr\/","og_site_name":"Marocco Experience - Tours, Excursions, Voyages, Transferts, Offres et Promotions","article_modified_time":"2025-11-04T11:29:26+00:00","og_image":[{"width":337,"height":542,"url":"https:\/\/maroccoexperience.com\/wp-content\/uploads\/2025\/03\/image-marrocan-7.jpg","type":"image\/jpeg"}],"twitter_misc":{"Dur\u00e9e de lecture estim\u00e9e":"6 minutes"},"schema":{"@context":"https:\/\/schema.org","@graph":[{"@type":"WebPage","@id":"https:\/\/maroccoexperience.com\/fr\/","url":"https:\/\/maroccoexperience.com\/fr\/","name":"Marocco Experience- Tours, Excursions, Voyages, Offres et Promotions","isPartOf":{"@id":"https:\/\/maroccoexperience.com\/fr\/#website"},"primaryImageOfPage":{"@id":"https:\/\/maroccoexperience.com\/fr\/#primaryimage"},"image":{"@id":"https:\/\/maroccoexperience.com\/fr\/#primaryimage"},"thumbnailUrl":"https:\/\/maroccoexperience.com\/wp-content\/uploads\/2025\/03\/image-marrocan-7.jpg","datePublished":"2015-01-03T16:42:22+00:00","dateModified":"2025-11-04T11:29:26+00:00","description":"Marocco Experience Offres des forfaits . Les circuits, excursions et itin\u00e9raires les plus populaires \u00e0 prix r\u00e9duit. Chaque saison, de nouvelles promotions!","breadcrumb":{"@id":"https:\/\/maroccoexperience.com\/fr\/#breadcrumb"},"inLanguage":"fr-FR","potentialAction":[{"@type":"ReadAction","target":["https:\/\/maroccoexperience.com\/fr\/"]}]},{"@type":"ImageObject","inLanguage":"fr-FR","@id":"https:\/\/maroccoexperience.com\/fr\/#primaryimage","url":"https:\/\/maroccoexperience.com\/wp-content\/uploads\/2025\/03\/image-marrocan-7.jpg","contentUrl":"https:\/\/maroccoexperience.com\/wp-content\/uploads\/2025\/03\/image-marrocan-7.jpg"},{"@type":"BreadcrumbList","@id":"https:\/\/maroccoexperience.com\/fr\/#breadcrumb","itemListElement":[{"@type":"ListItem","position":1,"name":"Home","item":"https:\/\/maroccoexperience.com\/fr\/"},{"@type":"ListItem","position":2,"name":"Accueil"}]},{"@type":"WebSite","@id":"https:\/\/maroccoexperience.com\/fr\/#website","url":"https:\/\/maroccoexperience.com\/fr\/","name":"Marocco Experience - Tours, Excursions, Voyages, Transferts, Offres et Promotions","description":"Voyager c&#039;est vivre, visites guid\u00e9es, excursions au Maroc","potentialAction":[{"@type":"SearchAction","target":{"@type":"EntryPoint","urlTemplate":"https:\/\/maroccoexperience.com\/fr\/?s={search_term_string}"},"query-input":{"@type":"PropertyValueSpecification","valueRequired":true,"valueName":"search_term_string"}}],"inLanguage":"fr-FR"}]}},"_links":{"self":[{"href":"https:\/\/maroccoexperience.com\/fr\/wp-json\/wp\/v2\/pages\/1599","targetHints":{"allow":["GET"]}}],"collection":[{"href":"https:\/\/maroccoexperience.com\/fr\/wp-json\/wp\/v2\/pages"}],"about":[{"href":"https:\/\/maroccoexperience.com\/fr\/wp-json\/wp\/v2\/types\/page"}],"author":[{"embeddable":true,"href":"https:\/\/maroccoexperience.com\/fr\/wp-json\/wp\/v2\/users\/1"}],"replies":[{"embeddable":true,"href":"https:\/\/maroccoexperience.com\/fr\/wp-json\/wp\/v2\/comments?post=1599"}],"version-history":[{"count":2,"href":"https:\/\/maroccoexperience.com\/fr\/wp-json\/wp\/v2\/pages\/1599\/revisions"}],"predecessor-version":[{"id":2619,"href":"https:\/\/maroccoexperience.com\/fr\/wp-json\/wp\/v2\/pages\/1599\/revisions\/2619"}],"wp:attachment":[{"href":"https:\/\/maroccoexperience.com\/fr\/wp-json\/wp\/v2\/media?parent=1599"}],"curies":[{"name":"wp","href":"https:\/\/api.w.org\/{rel}","templated":true}]}}