{"id":1571,"date":"2015-05-10T14:12:41","date_gmt":"2015-05-10T12:12:41","guid":{"rendered":"https:\/\/maroccoexperience.com\/tour-di-un-giorno\/"},"modified":"2020-02-25T18:31:33","modified_gmt":"2020-02-25T17:31:33","slug":"tour-dune-journee","status":"publish","type":"page","link":"https:\/\/maroccoexperience.com\/fr\/tour-dune-journee\/","title":{"rendered":"Tour d&rsquo;une journ\u00e9e"},"content":{"rendered":"\n<h1 class=\"wp-block-heading\"> EXCURSIONS MAROCCO EXPERIENCE <\/h1>\n\n\n\n<p> <em>Se rendre au Sahara en 1 jour? Tu peux le faire!<\/em> <\/p>\n\n\n\n<p> Excursions Deux jours, Pour ceux qui ne peuvent rester \u00e0 Marrakech que quelques jours, mais qui ne veulent pas renoncer \u00e0 errer parmi les palmeraies,\u00a0<a href=\"https:\/\/maroccoexperience.com\/fr\/trip\/marrakech-latlas-et-le-desert\/\"><strong>les d\u00e9serts rocheux et les oasis<\/strong><\/a>, nous avons s\u00e9lectionn\u00e9 dix excursions d\u2019une journ\u00e9e chacune. Parfait pour les week-ends!<br>Pour ceux qui ont encore quelques jours et qui veulent aller dans les villes imp\u00e9riales ou se promener parmi les vastes plages de\u00a0<a href=\"https:\/\/maroccoexperience.com\/fr\/trip\/marrakech-essaouira-et-la-cote-atlantique\/\"><strong>la c\u00f4te atlantique<\/strong><\/a>, nous vous recommandons des excursions de 2 jours.<br>Et pour ceux qui, m\u00eame avec un temps limit\u00e9, ne veulent pas renoncer \u00e0 la profonde\u00a0<strong><a href=\"https:\/\/maroccoexperience.com\/fr\/trip\/marrakech-skoura-atlas-et-desert\/\">exp\u00e9rience du d\u00e9sert<\/a><\/strong>\u00a0il y a des excursions de 3 jours, nous vous emmenons au Sahara! <\/p>\n\n\n\n<h2 class=\"wp-block-heading\">Excursion d&rsquo;un jour<\/h2>\n\n\n\n<p> Des excursions parfaites pour ceux qui veulent profiter du th\u00e9 \u00e0 la menthe, se promener dans les souks et se rafra\u00eechir \u00e0 l\u2019ombre des palmiers des villes imp\u00e9riales ou de l\u2019oasis de conte de f\u00e9es de Skoura \u2026 et ont quelques jours pour le faire! <\/p>\n","protected":false},"excerpt":{"rendered":"<p>EXCURSIONS MAROCCO EXPERIENCE Se rendre au Sahara en 1 jour? Tu peux le faire! Excursions Deux jours, Pour ceux qui ne peuvent rester \u00e0 Marrakech que quelques jours, mais qui ne veulent pas renoncer \u00e0 errer parmi les palmeraies,\u00a0les d\u00e9serts rocheux et les oasis, nous avons s\u00e9lectionn\u00e9 dix excursions d\u2019une journ\u00e9e chacune. Parfait pour les [&hellip;]<\/p>\n","protected":false},"author":1,"featured_media":1566,"parent":0,"menu_order":0,"comment_status":"closed","ping_status":"closed","template":"","meta":{"_joinchat":[],"footnotes":""},"class_list":["post-1571","page","type-page","status-publish","has-post-thumbnail","hentry"],"yoast_head":"<!-- This site is optimized with the Yoast SEO Premium plugin v25.1 (Yoast SEO v27.3) - https:\/\/yoast.com\/product\/yoast-seo-premium-wordpress\/ -->\n<title>Tour d&#039;une journ\u00e9e - Marocco Experience - Tours, Excursions, Voyages, Transferts, Offres et Promotions<\/title>\n<meta name=\"description\" content=\"Les excursions d&#039;une journ\u00e9e au Maroc. D\u00e9part: Marrakech Arriv\u00e9e: le choix est vaste! Visite d&#039;une journ\u00e9e et plus. Casablanca, F\u00e8s, Rabat, Chefchouane\" \/>\n<meta name=\"robots\" content=\"index, follow, max-snippet:-1, max-image-preview:large, max-video-preview:-1\" \/>\n<link rel=\"canonical\" href=\"https:\/\/maroccoexperience.com\/fr\/tour-dune-journee\/\" \/>\n<meta property=\"og:locale\" content=\"fr_FR\" \/>\n<meta property=\"og:type\" content=\"article\" \/>\n<meta property=\"og:title\" content=\"Tour d&#039;une journ\u00e9e\" \/>\n<meta property=\"og:description\" content=\"Les excursions d&#039;une journ\u00e9e au Maroc. D\u00e9part: Marrakech Arriv\u00e9e: le choix est vaste! Visite d&#039;une journ\u00e9e et plus. Casablanca, F\u00e8s, Rabat, Chefchouane\" \/>\n<meta property=\"og:url\" content=\"https:\/\/maroccoexperience.com\/fr\/tour-dune-journee\/\" \/>\n<meta property=\"og:site_name\" content=\"Marocco Experience - Tours, Excursions, Voyages, Transferts, Offres et Promotions\" \/>\n<meta property=\"article:modified_time\" content=\"2020-02-25T17:31:33+00:00\" \/>\n<meta property=\"og:image\" content=\"https:\/\/maroccoexperience.com\/wp-content\/uploads\/2015\/04\/A-giorno7_marrakech_tombe_saaditi-930x620.jpg\" \/>\n\t<meta property=\"og:image:width\" content=\"930\" \/>\n\t<meta property=\"og:image:height\" content=\"620\" \/>\n\t<meta property=\"og:image:type\" content=\"image\/jpeg\" \/>\n<meta name=\"twitter:label1\" content=\"Dur\u00e9e de lecture estim\u00e9e\" \/>\n\t<meta name=\"twitter:data1\" content=\"1 minute\" \/>\n<script type=\"application\/ld+json\" class=\"yoast-schema-graph\">{\"@context\":\"https:\\\/\\\/schema.org\",\"@graph\":[{\"@type\":\"WebPage\",\"@id\":\"https:\\\/\\\/maroccoexperience.com\\\/fr\\\/tour-dune-journee\\\/\",\"url\":\"https:\\\/\\\/maroccoexperience.com\\\/fr\\\/tour-dune-journee\\\/\",\"name\":\"Tour d'une journ\u00e9e - Marocco Experience - Tours, Excursions, Voyages, Transferts, Offres et Promotions\",\"isPartOf\":{\"@id\":\"https:\\\/\\\/maroccoexperience.com\\\/fr\\\/#website\"},\"primaryImageOfPage\":{\"@id\":\"https:\\\/\\\/maroccoexperience.com\\\/fr\\\/tour-dune-journee\\\/#primaryimage\"},\"image\":{\"@id\":\"https:\\\/\\\/maroccoexperience.com\\\/fr\\\/tour-dune-journee\\\/#primaryimage\"},\"thumbnailUrl\":\"https:\\\/\\\/maroccoexperience.com\\\/wp-content\\\/uploads\\\/2015\\\/04\\\/A-giorno7_marrakech_tombe_saaditi.jpg\",\"datePublished\":\"2015-05-10T12:12:41+00:00\",\"dateModified\":\"2020-02-25T17:31:33+00:00\",\"description\":\"Les excursions d'une journ\u00e9e au Maroc. D\u00e9part: Marrakech Arriv\u00e9e: le choix est vaste! Visite d'une journ\u00e9e et plus. Casablanca, F\u00e8s, Rabat, Chefchouane\",\"breadcrumb\":{\"@id\":\"https:\\\/\\\/maroccoexperience.com\\\/fr\\\/tour-dune-journee\\\/#breadcrumb\"},\"inLanguage\":\"fr-FR\",\"potentialAction\":[{\"@type\":\"ReadAction\",\"target\":[\"https:\\\/\\\/maroccoexperience.com\\\/fr\\\/tour-dune-journee\\\/\"]}]},{\"@type\":\"ImageObject\",\"inLanguage\":\"fr-FR\",\"@id\":\"https:\\\/\\\/maroccoexperience.com\\\/fr\\\/tour-dune-journee\\\/#primaryimage\",\"url\":\"https:\\\/\\\/maroccoexperience.com\\\/wp-content\\\/uploads\\\/2015\\\/04\\\/A-giorno7_marrakech_tombe_saaditi.jpg\",\"contentUrl\":\"https:\\\/\\\/maroccoexperience.com\\\/wp-content\\\/uploads\\\/2015\\\/04\\\/A-giorno7_marrakech_tombe_saaditi.jpg\",\"width\":3888,\"height\":2592,\"caption\":\"MEDINA DI MARRAKECH\"},{\"@type\":\"BreadcrumbList\",\"@id\":\"https:\\\/\\\/maroccoexperience.com\\\/fr\\\/tour-dune-journee\\\/#breadcrumb\",\"itemListElement\":[{\"@type\":\"ListItem\",\"position\":1,\"name\":\"Home\",\"item\":\"https:\\\/\\\/maroccoexperience.com\\\/fr\\\/\"},{\"@type\":\"ListItem\",\"position\":2,\"name\":\"Tour d&rsquo;une journ\u00e9e\"}]},{\"@type\":\"WebSite\",\"@id\":\"https:\\\/\\\/maroccoexperience.com\\\/fr\\\/#website\",\"url\":\"https:\\\/\\\/maroccoexperience.com\\\/fr\\\/\",\"name\":\"Marocco Experience - Tours, Excursions, Voyages, Transferts, Offres et Promotions\",\"description\":\"Voyager c&#039;est vivre, visites guid\u00e9es, excursions au Maroc\",\"potentialAction\":[{\"@type\":\"SearchAction\",\"target\":{\"@type\":\"EntryPoint\",\"urlTemplate\":\"https:\\\/\\\/maroccoexperience.com\\\/fr\\\/?s={search_term_string}\"},\"query-input\":{\"@type\":\"PropertyValueSpecification\",\"valueRequired\":true,\"valueName\":\"search_term_string\"}}],\"inLanguage\":\"fr-FR\"}]}<\/script>\n<!-- \/ Yoast SEO Premium plugin. -->","yoast_head_json":{"title":"Tour d'une journ\u00e9e - Marocco Experience - Tours, Excursions, Voyages, Transferts, Offres et Promotions","description":"Les excursions d'une journ\u00e9e au Maroc. D\u00e9part: Marrakech Arriv\u00e9e: le choix est vaste! Visite d'une journ\u00e9e et plus. Casablanca, F\u00e8s, Rabat, Chefchouane","robots":{"index":"index","follow":"follow","max-snippet":"max-snippet:-1","max-image-preview":"max-image-preview:large","max-video-preview":"max-video-preview:-1"},"canonical":"https:\/\/maroccoexperience.com\/fr\/tour-dune-journee\/","og_locale":"fr_FR","og_type":"article","og_title":"Tour d'une journ\u00e9e","og_description":"Les excursions d'une journ\u00e9e au Maroc. D\u00e9part: Marrakech Arriv\u00e9e: le choix est vaste! Visite d'une journ\u00e9e et plus. Casablanca, F\u00e8s, Rabat, Chefchouane","og_url":"https:\/\/maroccoexperience.com\/fr\/tour-dune-journee\/","og_site_name":"Marocco Experience - Tours, Excursions, Voyages, Transferts, Offres et Promotions","article_modified_time":"2020-02-25T17:31:33+00:00","og_image":[{"width":930,"height":620,"url":"https:\/\/maroccoexperience.com\/wp-content\/uploads\/2015\/04\/A-giorno7_marrakech_tombe_saaditi-930x620.jpg","type":"image\/jpeg"}],"twitter_misc":{"Dur\u00e9e de lecture estim\u00e9e":"1 minute"},"schema":{"@context":"https:\/\/schema.org","@graph":[{"@type":"WebPage","@id":"https:\/\/maroccoexperience.com\/fr\/tour-dune-journee\/","url":"https:\/\/maroccoexperience.com\/fr\/tour-dune-journee\/","name":"Tour d'une journ\u00e9e - Marocco Experience - Tours, Excursions, Voyages, Transferts, Offres et Promotions","isPartOf":{"@id":"https:\/\/maroccoexperience.com\/fr\/#website"},"primaryImageOfPage":{"@id":"https:\/\/maroccoexperience.com\/fr\/tour-dune-journee\/#primaryimage"},"image":{"@id":"https:\/\/maroccoexperience.com\/fr\/tour-dune-journee\/#primaryimage"},"thumbnailUrl":"https:\/\/maroccoexperience.com\/wp-content\/uploads\/2015\/04\/A-giorno7_marrakech_tombe_saaditi.jpg","datePublished":"2015-05-10T12:12:41+00:00","dateModified":"2020-02-25T17:31:33+00:00","description":"Les excursions d'une journ\u00e9e au Maroc. D\u00e9part: Marrakech Arriv\u00e9e: le choix est vaste! Visite d'une journ\u00e9e et plus. Casablanca, F\u00e8s, Rabat, Chefchouane","breadcrumb":{"@id":"https:\/\/maroccoexperience.com\/fr\/tour-dune-journee\/#breadcrumb"},"inLanguage":"fr-FR","potentialAction":[{"@type":"ReadAction","target":["https:\/\/maroccoexperience.com\/fr\/tour-dune-journee\/"]}]},{"@type":"ImageObject","inLanguage":"fr-FR","@id":"https:\/\/maroccoexperience.com\/fr\/tour-dune-journee\/#primaryimage","url":"https:\/\/maroccoexperience.com\/wp-content\/uploads\/2015\/04\/A-giorno7_marrakech_tombe_saaditi.jpg","contentUrl":"https:\/\/maroccoexperience.com\/wp-content\/uploads\/2015\/04\/A-giorno7_marrakech_tombe_saaditi.jpg","width":3888,"height":2592,"caption":"MEDINA DI MARRAKECH"},{"@type":"BreadcrumbList","@id":"https:\/\/maroccoexperience.com\/fr\/tour-dune-journee\/#breadcrumb","itemListElement":[{"@type":"ListItem","position":1,"name":"Home","item":"https:\/\/maroccoexperience.com\/fr\/"},{"@type":"ListItem","position":2,"name":"Tour d&rsquo;une journ\u00e9e"}]},{"@type":"WebSite","@id":"https:\/\/maroccoexperience.com\/fr\/#website","url":"https:\/\/maroccoexperience.com\/fr\/","name":"Marocco Experience - Tours, Excursions, Voyages, Transferts, Offres et Promotions","description":"Voyager c&#039;est vivre, visites guid\u00e9es, excursions au Maroc","potentialAction":[{"@type":"SearchAction","target":{"@type":"EntryPoint","urlTemplate":"https:\/\/maroccoexperience.com\/fr\/?s={search_term_string}"},"query-input":{"@type":"PropertyValueSpecification","valueRequired":true,"valueName":"search_term_string"}}],"inLanguage":"fr-FR"}]}},"_links":{"self":[{"href":"https:\/\/maroccoexperience.com\/fr\/wp-json\/wp\/v2\/pages\/1571","targetHints":{"allow":["GET"]}}],"collection":[{"href":"https:\/\/maroccoexperience.com\/fr\/wp-json\/wp\/v2\/pages"}],"about":[{"href":"https:\/\/maroccoexperience.com\/fr\/wp-json\/wp\/v2\/types\/page"}],"author":[{"embeddable":true,"href":"https:\/\/maroccoexperience.com\/fr\/wp-json\/wp\/v2\/users\/1"}],"replies":[{"embeddable":true,"href":"https:\/\/maroccoexperience.com\/fr\/wp-json\/wp\/v2\/comments?post=1571"}],"version-history":[{"count":0,"href":"https:\/\/maroccoexperience.com\/fr\/wp-json\/wp\/v2\/pages\/1571\/revisions"}],"wp:featuredmedia":[{"embeddable":true,"href":"https:\/\/maroccoexperience.com\/fr\/wp-json\/wp\/v2\/media\/1566"}],"wp:attachment":[{"href":"https:\/\/maroccoexperience.com\/fr\/wp-json\/wp\/v2\/media?parent=1571"}],"curies":[{"name":"wp","href":"https:\/\/api.w.org\/{rel}","templated":true}]}}