{"id":1565,"date":"2015-05-10T14:14:23","date_gmt":"2015-05-10T12:14:23","guid":{"rendered":"https:\/\/maroccoexperience.com\/tre-giorni\/"},"modified":"2020-02-24T15:13:34","modified_gmt":"2020-02-24T14:13:34","slug":"trois-jours","status":"publish","type":"page","link":"https:\/\/maroccoexperience.com\/fr\/trois-jours\/","title":{"rendered":"Trois jours"},"content":{"rendered":"\n<h1 class=\"wp-block-heading\">Excursions de Marocco Experience<\/h1>\n\n\n\n<p class=\"has-text-color has-cyan-bluish-gray-color\"><em>Se rendre au Sahara en 3 jours? Tu peux le faire!<\/em><\/p>\n\n\n\n<p>Exursions de 3 jour de Marrakech : Pour ceux qui ne peuvent rester \u00e0 Marrakech que quelques jours, mais qui ne veulent pas renoncer \u00e0 l&rsquo;errance parmi les palmeraies, <a href=\"https:\/\/maroccoexperience.com\/fr\/trip\/marrakech-la-cote-le-sahara-et-la-vallee-du-draa\/\"><strong>les d\u00e9serts rocheux et les oasis<\/strong><\/a>, nous avons s\u00e9lectionn\u00e9 dix excursions d&rsquo;une journ\u00e9e chacune. Parfait pour les week-ends!<br> Pour ceux qui ont encore quelques jours et qui veulent se plonger dans les villes imp\u00e9riales ou se promener parmi les vastes plages de <a href=\"https:\/\/maroccoexperience.com\/fr\/trip\/marrakech-essaouira-et-la-cote-atlantique\/\"><strong>la c\u00f4te atlantique<\/strong><\/a>, nous vous recommandons des excursions de 2 jours.<br> Et pour ceux qui, m\u00eame avec un temps limit\u00e9, ne veulent pas renoncer \u00e0 <a href=\"https:\/\/maroccoexperience.com\/fr\/trip\/marrakech-latlas-et-le-desert\/\"><strong>l&rsquo;exp\u00e9rience du d\u00e9sert<\/strong><\/a> profond, il y a des excursions de 3 jours, nous vous emmenons au <a href=\"https:\/\/maroccoexperience.com\/fr\/trip\/marrakech-skoura-atlas-et-desert\/\"><strong>Sahara<\/strong><\/a>!<\/p>\n\n\n\n<h2 class=\"wp-block-heading\">Excursions 3 Jours<\/h2>\n\n\n\n<p><em>Vous avez quelques jours disponibles et l&rsquo;envie de vivre le d\u00e9sert? Tu peux le faire!<\/em><\/p>\n","protected":false},"excerpt":{"rendered":"<p>Excursions de Marocco Experience Se rendre au Sahara en 3 jours? Tu peux le faire! Exursions de 3 jour de Marrakech : Pour ceux qui ne peuvent rester \u00e0 Marrakech que quelques jours, mais qui ne veulent pas renoncer \u00e0 l&rsquo;errance parmi les palmeraies, les d\u00e9serts rocheux et les oasis, nous avons s\u00e9lectionn\u00e9 dix excursions [&hellip;]<\/p>\n","protected":false},"author":1,"featured_media":1566,"parent":0,"menu_order":0,"comment_status":"closed","ping_status":"open","template":"","meta":{"_joinchat":[],"footnotes":""},"class_list":["post-1565","page","type-page","status-publish","has-post-thumbnail","hentry"],"yoast_head":"<!-- This site is optimized with the Yoast SEO Premium plugin v25.1 (Yoast SEO v27.3) - https:\/\/yoast.com\/product\/yoast-seo-premium-wordpress\/ -->\n<title>Excursions 3 jours - Marocco Experience - Ville Oasis D\u00e9sert Sahara<\/title>\n<meta name=\"description\" content=\"Les excursions de 3 jours au Maroc. D\u00e9part: Marrakech ou Fes, Sahara Desert Excursions, ville imp\u00e9rials, Arriv\u00e9e: le choix est vaste!\" \/>\n<meta name=\"robots\" content=\"index, follow, max-snippet:-1, max-image-preview:large, max-video-preview:-1\" \/>\n<link rel=\"canonical\" href=\"https:\/\/maroccoexperience.com\/fr\/trois-jours\/\" \/>\n<meta property=\"og:locale\" content=\"fr_FR\" \/>\n<meta property=\"og:type\" content=\"article\" \/>\n<meta property=\"og:title\" content=\"Trois jours\" \/>\n<meta property=\"og:description\" content=\"Les excursions de 3 jours au Maroc. D\u00e9part: Marrakech ou Fes, Sahara Desert Excursions, ville imp\u00e9rials, Arriv\u00e9e: le choix est vaste!\" \/>\n<meta property=\"og:url\" content=\"https:\/\/maroccoexperience.com\/fr\/trois-jours\/\" \/>\n<meta property=\"og:site_name\" content=\"Marocco Experience - Tours, Excursions, Voyages, Transferts, Offres et Promotions\" \/>\n<meta property=\"article:modified_time\" content=\"2020-02-24T14:13:34+00:00\" \/>\n<meta property=\"og:image\" content=\"https:\/\/maroccoexperience.com\/wp-content\/uploads\/2015\/04\/A-giorno7_marrakech_tombe_saaditi-930x620.jpg\" \/>\n\t<meta property=\"og:image:width\" content=\"930\" \/>\n\t<meta property=\"og:image:height\" content=\"620\" \/>\n\t<meta property=\"og:image:type\" content=\"image\/jpeg\" \/>\n<meta name=\"twitter:label1\" content=\"Dur\u00e9e de lecture estim\u00e9e\" \/>\n\t<meta name=\"twitter:data1\" content=\"1 minute\" \/>\n<script type=\"application\/ld+json\" class=\"yoast-schema-graph\">{\"@context\":\"https:\\\/\\\/schema.org\",\"@graph\":[{\"@type\":\"WebPage\",\"@id\":\"https:\\\/\\\/maroccoexperience.com\\\/fr\\\/trois-jours\\\/\",\"url\":\"https:\\\/\\\/maroccoexperience.com\\\/fr\\\/trois-jours\\\/\",\"name\":\"Excursions 3 jours - Marocco Experience - Ville Oasis D\u00e9sert Sahara\",\"isPartOf\":{\"@id\":\"https:\\\/\\\/maroccoexperience.com\\\/fr\\\/#website\"},\"primaryImageOfPage\":{\"@id\":\"https:\\\/\\\/maroccoexperience.com\\\/fr\\\/trois-jours\\\/#primaryimage\"},\"image\":{\"@id\":\"https:\\\/\\\/maroccoexperience.com\\\/fr\\\/trois-jours\\\/#primaryimage\"},\"thumbnailUrl\":\"https:\\\/\\\/maroccoexperience.com\\\/wp-content\\\/uploads\\\/2015\\\/04\\\/A-giorno7_marrakech_tombe_saaditi.jpg\",\"datePublished\":\"2015-05-10T12:14:23+00:00\",\"dateModified\":\"2020-02-24T14:13:34+00:00\",\"description\":\"Les excursions de 3 jours au Maroc. D\u00e9part: Marrakech ou Fes, Sahara Desert Excursions, ville imp\u00e9rials, Arriv\u00e9e: le choix est vaste!\",\"breadcrumb\":{\"@id\":\"https:\\\/\\\/maroccoexperience.com\\\/fr\\\/trois-jours\\\/#breadcrumb\"},\"inLanguage\":\"fr-FR\",\"potentialAction\":[{\"@type\":\"ReadAction\",\"target\":[\"https:\\\/\\\/maroccoexperience.com\\\/fr\\\/trois-jours\\\/\"]}]},{\"@type\":\"ImageObject\",\"inLanguage\":\"fr-FR\",\"@id\":\"https:\\\/\\\/maroccoexperience.com\\\/fr\\\/trois-jours\\\/#primaryimage\",\"url\":\"https:\\\/\\\/maroccoexperience.com\\\/wp-content\\\/uploads\\\/2015\\\/04\\\/A-giorno7_marrakech_tombe_saaditi.jpg\",\"contentUrl\":\"https:\\\/\\\/maroccoexperience.com\\\/wp-content\\\/uploads\\\/2015\\\/04\\\/A-giorno7_marrakech_tombe_saaditi.jpg\",\"width\":3888,\"height\":2592,\"caption\":\"MEDINA DI MARRAKECH\"},{\"@type\":\"BreadcrumbList\",\"@id\":\"https:\\\/\\\/maroccoexperience.com\\\/fr\\\/trois-jours\\\/#breadcrumb\",\"itemListElement\":[{\"@type\":\"ListItem\",\"position\":1,\"name\":\"Home\",\"item\":\"https:\\\/\\\/maroccoexperience.com\\\/fr\\\/\"},{\"@type\":\"ListItem\",\"position\":2,\"name\":\"Trois jours\"}]},{\"@type\":\"WebSite\",\"@id\":\"https:\\\/\\\/maroccoexperience.com\\\/fr\\\/#website\",\"url\":\"https:\\\/\\\/maroccoexperience.com\\\/fr\\\/\",\"name\":\"Marocco Experience - Tours, Excursions, Voyages, Transferts, Offres et Promotions\",\"description\":\"Voyager c&#039;est vivre, visites guid\u00e9es, excursions au Maroc\",\"potentialAction\":[{\"@type\":\"SearchAction\",\"target\":{\"@type\":\"EntryPoint\",\"urlTemplate\":\"https:\\\/\\\/maroccoexperience.com\\\/fr\\\/?s={search_term_string}\"},\"query-input\":{\"@type\":\"PropertyValueSpecification\",\"valueRequired\":true,\"valueName\":\"search_term_string\"}}],\"inLanguage\":\"fr-FR\"}]}<\/script>\n<!-- \/ Yoast SEO Premium plugin. -->","yoast_head_json":{"title":"Excursions 3 jours - Marocco Experience - Ville Oasis D\u00e9sert Sahara","description":"Les excursions de 3 jours au Maroc. D\u00e9part: Marrakech ou Fes, Sahara Desert Excursions, ville imp\u00e9rials, Arriv\u00e9e: le choix est vaste!","robots":{"index":"index","follow":"follow","max-snippet":"max-snippet:-1","max-image-preview":"max-image-preview:large","max-video-preview":"max-video-preview:-1"},"canonical":"https:\/\/maroccoexperience.com\/fr\/trois-jours\/","og_locale":"fr_FR","og_type":"article","og_title":"Trois jours","og_description":"Les excursions de 3 jours au Maroc. D\u00e9part: Marrakech ou Fes, Sahara Desert Excursions, ville imp\u00e9rials, Arriv\u00e9e: le choix est vaste!","og_url":"https:\/\/maroccoexperience.com\/fr\/trois-jours\/","og_site_name":"Marocco Experience - Tours, Excursions, Voyages, Transferts, Offres et Promotions","article_modified_time":"2020-02-24T14:13:34+00:00","og_image":[{"width":930,"height":620,"url":"https:\/\/maroccoexperience.com\/wp-content\/uploads\/2015\/04\/A-giorno7_marrakech_tombe_saaditi-930x620.jpg","type":"image\/jpeg"}],"twitter_misc":{"Dur\u00e9e de lecture estim\u00e9e":"1 minute"},"schema":{"@context":"https:\/\/schema.org","@graph":[{"@type":"WebPage","@id":"https:\/\/maroccoexperience.com\/fr\/trois-jours\/","url":"https:\/\/maroccoexperience.com\/fr\/trois-jours\/","name":"Excursions 3 jours - Marocco Experience - Ville Oasis D\u00e9sert Sahara","isPartOf":{"@id":"https:\/\/maroccoexperience.com\/fr\/#website"},"primaryImageOfPage":{"@id":"https:\/\/maroccoexperience.com\/fr\/trois-jours\/#primaryimage"},"image":{"@id":"https:\/\/maroccoexperience.com\/fr\/trois-jours\/#primaryimage"},"thumbnailUrl":"https:\/\/maroccoexperience.com\/wp-content\/uploads\/2015\/04\/A-giorno7_marrakech_tombe_saaditi.jpg","datePublished":"2015-05-10T12:14:23+00:00","dateModified":"2020-02-24T14:13:34+00:00","description":"Les excursions de 3 jours au Maroc. D\u00e9part: Marrakech ou Fes, Sahara Desert Excursions, ville imp\u00e9rials, Arriv\u00e9e: le choix est vaste!","breadcrumb":{"@id":"https:\/\/maroccoexperience.com\/fr\/trois-jours\/#breadcrumb"},"inLanguage":"fr-FR","potentialAction":[{"@type":"ReadAction","target":["https:\/\/maroccoexperience.com\/fr\/trois-jours\/"]}]},{"@type":"ImageObject","inLanguage":"fr-FR","@id":"https:\/\/maroccoexperience.com\/fr\/trois-jours\/#primaryimage","url":"https:\/\/maroccoexperience.com\/wp-content\/uploads\/2015\/04\/A-giorno7_marrakech_tombe_saaditi.jpg","contentUrl":"https:\/\/maroccoexperience.com\/wp-content\/uploads\/2015\/04\/A-giorno7_marrakech_tombe_saaditi.jpg","width":3888,"height":2592,"caption":"MEDINA DI MARRAKECH"},{"@type":"BreadcrumbList","@id":"https:\/\/maroccoexperience.com\/fr\/trois-jours\/#breadcrumb","itemListElement":[{"@type":"ListItem","position":1,"name":"Home","item":"https:\/\/maroccoexperience.com\/fr\/"},{"@type":"ListItem","position":2,"name":"Trois jours"}]},{"@type":"WebSite","@id":"https:\/\/maroccoexperience.com\/fr\/#website","url":"https:\/\/maroccoexperience.com\/fr\/","name":"Marocco Experience - Tours, Excursions, Voyages, Transferts, Offres et Promotions","description":"Voyager c&#039;est vivre, visites guid\u00e9es, excursions au Maroc","potentialAction":[{"@type":"SearchAction","target":{"@type":"EntryPoint","urlTemplate":"https:\/\/maroccoexperience.com\/fr\/?s={search_term_string}"},"query-input":{"@type":"PropertyValueSpecification","valueRequired":true,"valueName":"search_term_string"}}],"inLanguage":"fr-FR"}]}},"_links":{"self":[{"href":"https:\/\/maroccoexperience.com\/fr\/wp-json\/wp\/v2\/pages\/1565","targetHints":{"allow":["GET"]}}],"collection":[{"href":"https:\/\/maroccoexperience.com\/fr\/wp-json\/wp\/v2\/pages"}],"about":[{"href":"https:\/\/maroccoexperience.com\/fr\/wp-json\/wp\/v2\/types\/page"}],"author":[{"embeddable":true,"href":"https:\/\/maroccoexperience.com\/fr\/wp-json\/wp\/v2\/users\/1"}],"replies":[{"embeddable":true,"href":"https:\/\/maroccoexperience.com\/fr\/wp-json\/wp\/v2\/comments?post=1565"}],"version-history":[{"count":0,"href":"https:\/\/maroccoexperience.com\/fr\/wp-json\/wp\/v2\/pages\/1565\/revisions"}],"wp:featuredmedia":[{"embeddable":true,"href":"https:\/\/maroccoexperience.com\/fr\/wp-json\/wp\/v2\/media\/1566"}],"wp:attachment":[{"href":"https:\/\/maroccoexperience.com\/fr\/wp-json\/wp\/v2\/media?parent=1565"}],"curies":[{"name":"wp","href":"https:\/\/api.w.org\/{rel}","templated":true}]}}