{"id":1562,"date":"2015-05-10T17:05:19","date_gmt":"2015-05-10T15:05:19","guid":{"rendered":"https:\/\/maroccoexperience.com\/tour-da-5-6-giorni\/"},"modified":"2020-03-14T16:48:17","modified_gmt":"2020-03-14T15:48:17","slug":"circuit-de-5-a-6-jours","status":"publish","type":"page","link":"https:\/\/maroccoexperience.com\/fr\/circuit-de-5-a-6-jours\/","title":{"rendered":"Circuit de 5 \u00e0 6 jours"},"content":{"rendered":"\n<h1 class=\"has-text-align-center wp-block-heading\">TOUR DE 5 \u00c0 6 JOURS<\/h1>\n\n\n\n<div class=\"wp-block-columns is-layout-flex wp-container-core-columns-is-layout-9d6595d7 wp-block-columns-is-layout-flex\">\n<div class=\"wp-block-column is-layout-flow wp-block-column-is-layout-flow\">\n<figure class=\"wp-block-image size-large\"><a href=\"https:\/\/maroccoexperience.com\/?p=972\"><img loading=\"lazy\" decoding=\"async\" width=\"930\" height=\"698\" src=\"https:\/\/maroccoexperience.com\/wp-content\/uploads\/2015\/04\/B1-giorno1_marrakech_bab_agnaou-930x698.jpg\" alt=\"LES VILLES IMPERIALES: FES, MARRAKECH, RABAT\" class=\"wp-image-2026\" srcset=\"https:\/\/maroccoexperience.com\/wp-content\/uploads\/2015\/04\/B1-giorno1_marrakech_bab_agnaou-930x698.jpg 930w, https:\/\/maroccoexperience.com\/wp-content\/uploads\/2015\/04\/B1-giorno1_marrakech_bab_agnaou-610x458.jpg 610w, https:\/\/maroccoexperience.com\/wp-content\/uploads\/2015\/04\/B1-giorno1_marrakech_bab_agnaou-200x150.jpg 200w, https:\/\/maroccoexperience.com\/wp-content\/uploads\/2015\/04\/B1-giorno1_marrakech_bab_agnaou-400x300.jpg 400w, https:\/\/maroccoexperience.com\/wp-content\/uploads\/2015\/04\/B1-giorno1_marrakech_bab_agnaou-300x225.jpg 300w, https:\/\/maroccoexperience.com\/wp-content\/uploads\/2015\/04\/B1-giorno1_marrakech_bab_agnaou.jpg 1200w\" sizes=\"auto, (max-width: 930px) 100vw, 930px\" \/><\/a><\/figure>\n\n\n\n<h5 class=\"has-text-align-center wp-block-heading\"><a href=\"https:\/\/maroccoexperience.com\/?p=972\">LES VILLES IMPERIALES: FES, MARRAKECH, RABAT<\/a><\/h5>\n\n\n\n<p class=\"has-text-align-center\">Culture &#8211; Couple &#8211; Photographie<br><em> 5 jours \/ 4 nuits<\/em><\/p>\n<\/div>\n\n\n\n<div class=\"wp-block-column is-layout-flow wp-block-column-is-layout-flow\">\n<figure class=\"wp-block-image size-large\"><a href=\"https:\/\/maroccoexperience.com\/?p=1254\"><img loading=\"lazy\" decoding=\"async\" width=\"930\" height=\"698\" src=\"https:\/\/maroccoexperience.com\/wp-content\/uploads\/2015\/04\/F_giorno6_essaouira1-930x698.jpg\" alt=\"MARRAKECH ET ESSAOUIRA ENTRE D\u00c9TENTE, BIEN-\u00caTRE ET SHOPPING\" class=\"wp-image-2024\" srcset=\"https:\/\/maroccoexperience.com\/wp-content\/uploads\/2015\/04\/F_giorno6_essaouira1-930x698.jpg 930w, https:\/\/maroccoexperience.com\/wp-content\/uploads\/2015\/04\/F_giorno6_essaouira1-610x458.jpg 610w, https:\/\/maroccoexperience.com\/wp-content\/uploads\/2015\/04\/F_giorno6_essaouira1-200x150.jpg 200w, https:\/\/maroccoexperience.com\/wp-content\/uploads\/2015\/04\/F_giorno6_essaouira1-400x300.jpg 400w, https:\/\/maroccoexperience.com\/wp-content\/uploads\/2015\/04\/F_giorno6_essaouira1-300x225.jpg 300w, https:\/\/maroccoexperience.com\/wp-content\/uploads\/2015\/04\/F_giorno6_essaouira1.jpg 1200w\" sizes=\"auto, (max-width: 930px) 100vw, 930px\" \/><\/a><\/figure>\n\n\n\n<h5 class=\"has-text-align-center wp-block-heading\"><a href=\"https:\/\/maroccoexperience.com\/?p=1254\">MARRAKECH ET ESSAOUIRA ENTRE D\u00c9TENTE, BIEN-\u00caTRE ET SHOPPING<\/a><\/h5>\n\n\n\n<p class=\"has-text-align-center\">Couple &#8211; Famille &#8211; Amis<br> <em>5 jours \/ 4 nuits<\/em><\/p>\n<\/div>\n\n\n\n<div class=\"wp-block-column is-layout-flow wp-block-column-is-layout-flow\">\n<figure class=\"wp-block-image size-large\"><a href=\"https:\/\/maroccoexperience.com\/?p=1123\"><img loading=\"lazy\" decoding=\"async\" width=\"930\" height=\"698\" src=\"https:\/\/maroccoexperience.com\/wp-content\/uploads\/2015\/04\/G_giorno4_zagora-31-930x698.jpg\" alt=\"Traverser le d\u00e9sert\" class=\"wp-image-2025\" srcset=\"https:\/\/maroccoexperience.com\/wp-content\/uploads\/2015\/04\/G_giorno4_zagora-31-930x698.jpg 930w, https:\/\/maroccoexperience.com\/wp-content\/uploads\/2015\/04\/G_giorno4_zagora-31-610x458.jpg 610w, https:\/\/maroccoexperience.com\/wp-content\/uploads\/2015\/04\/G_giorno4_zagora-31-200x150.jpg 200w, https:\/\/maroccoexperience.com\/wp-content\/uploads\/2015\/04\/G_giorno4_zagora-31-400x300.jpg 400w, https:\/\/maroccoexperience.com\/wp-content\/uploads\/2015\/04\/G_giorno4_zagora-31-300x225.jpg 300w, https:\/\/maroccoexperience.com\/wp-content\/uploads\/2015\/04\/G_giorno4_zagora-31.jpg 1200w\" sizes=\"auto, (max-width: 930px) 100vw, 930px\" \/><\/a><\/figure>\n\n\n\n<h5 class=\"has-text-align-center wp-block-heading\"><a href=\"https:\/\/maroccoexperience.com\/?p=1123\">TRAVERSER LE  DESERT DU SAHARA<\/a><\/h5>\n\n\n\n<p class=\"has-text-align-center\">Aventure &#8211; Amis &#8211; Couple<br><em> 6 jours \/ 5 nuits<\/em><\/p>\n<\/div>\n<\/div>\n\n\n\n<div class=\"wp-block-columns is-layout-flex wp-container-core-columns-is-layout-9d6595d7 wp-block-columns-is-layout-flex\">\n<div class=\"wp-block-column is-layout-flow wp-block-column-is-layout-flow\">\n<figure class=\"wp-block-image size-large\"><a href=\"https:\/\/maroccoexperience.com\/?p=1233\"><img loading=\"lazy\" decoding=\"async\" width=\"930\" height=\"698\" src=\"https:\/\/maroccoexperience.com\/wp-content\/uploads\/2015\/03\/C-giorno3-agdz1-930x698.jpg\" alt=\"MARRAKECH, L'ATLAS ET LE D\u00c9SERT\" class=\"wp-image-1926\" srcset=\"https:\/\/maroccoexperience.com\/wp-content\/uploads\/2015\/03\/C-giorno3-agdz1-930x698.jpg 930w, https:\/\/maroccoexperience.com\/wp-content\/uploads\/2015\/03\/C-giorno3-agdz1-610x458.jpg 610w, https:\/\/maroccoexperience.com\/wp-content\/uploads\/2015\/03\/C-giorno3-agdz1-200x150.jpg 200w, https:\/\/maroccoexperience.com\/wp-content\/uploads\/2015\/03\/C-giorno3-agdz1-400x300.jpg 400w, https:\/\/maroccoexperience.com\/wp-content\/uploads\/2015\/03\/C-giorno3-agdz1-300x225.jpg 300w, https:\/\/maroccoexperience.com\/wp-content\/uploads\/2015\/03\/C-giorno3-agdz1.jpg 1200w\" sizes=\"auto, (max-width: 930px) 100vw, 930px\" \/><\/a><\/figure>\n\n\n\n<h5 class=\"has-text-align-center wp-block-heading\"><a href=\"https:\/\/maroccoexperience.com\/?p=1233\">MARRAKECH, L&rsquo;ATLAS ET LE D\u00c9SERT<\/a><\/h5>\n\n\n\n<p class=\"has-text-align-center\">Aventure &#8211; Amis &#8211; Couple<br><em> 6 jours \/ 5 nuits<\/em><\/p>\n<\/div>\n\n\n\n<div class=\"wp-block-column is-layout-flow wp-block-column-is-layout-flow\">\n<figure class=\"wp-block-image size-large\"><a href=\"https:\/\/maroccoexperience.com\/?p=1182\"><img loading=\"lazy\" decoding=\"async\" width=\"930\" height=\"698\" src=\"https:\/\/maroccoexperience.com\/wp-content\/uploads\/2015\/04\/Q-giorno_2_marrakech-930x698.jpg\" alt=\"CUISINE ENTRE MARRAKECH ET L'OASIS DE SKOURA\" class=\"wp-image-1833\" srcset=\"https:\/\/maroccoexperience.com\/wp-content\/uploads\/2015\/04\/Q-giorno_2_marrakech-930x698.jpg 930w, https:\/\/maroccoexperience.com\/wp-content\/uploads\/2015\/04\/Q-giorno_2_marrakech-610x458.jpg 610w, https:\/\/maroccoexperience.com\/wp-content\/uploads\/2015\/04\/Q-giorno_2_marrakech-200x150.jpg 200w, https:\/\/maroccoexperience.com\/wp-content\/uploads\/2015\/04\/Q-giorno_2_marrakech-400x300.jpg 400w, https:\/\/maroccoexperience.com\/wp-content\/uploads\/2015\/04\/Q-giorno_2_marrakech-300x225.jpg 300w, https:\/\/maroccoexperience.com\/wp-content\/uploads\/2015\/04\/Q-giorno_2_marrakech.jpg 1200w\" sizes=\"auto, (max-width: 930px) 100vw, 930px\" \/><\/a><\/figure>\n\n\n\n<h5 class=\"has-text-align-center wp-block-heading\"><a href=\"https:\/\/maroccoexperience.com\/?p=1182\">CUISINE ENTRE MARRAKECH ET L&rsquo;OASIS DE SKOURA<\/a><\/h5>\n\n\n\n<p class=\"has-text-align-center\">Famille &#8211; Couple &#8211; Amis<br><em> 6 jours \/ 5 nuits<\/em><\/p>\n<\/div>\n\n\n\n<div class=\"wp-block-column is-layout-flow wp-block-column-is-layout-flow\">\n<figure class=\"wp-block-image size-large\"><a href=\"https:\/\/maroccoexperience.com\/?p=1127\"><img loading=\"lazy\" decoding=\"async\" width=\"930\" height=\"698\" src=\"https:\/\/maroccoexperience.com\/wp-content\/uploads\/2015\/04\/B-giorno7__marrakech_palais_el-badi-930x698.jpg\" alt=\"DANSE DE MARRAKECH ET DE L'OASIS DE SKOURA\" class=\"wp-image-1964\" srcset=\"https:\/\/maroccoexperience.com\/wp-content\/uploads\/2015\/04\/B-giorno7__marrakech_palais_el-badi-930x698.jpg 930w, https:\/\/maroccoexperience.com\/wp-content\/uploads\/2015\/04\/B-giorno7__marrakech_palais_el-badi-610x458.jpg 610w, https:\/\/maroccoexperience.com\/wp-content\/uploads\/2015\/04\/B-giorno7__marrakech_palais_el-badi-200x150.jpg 200w, https:\/\/maroccoexperience.com\/wp-content\/uploads\/2015\/04\/B-giorno7__marrakech_palais_el-badi-400x300.jpg 400w, https:\/\/maroccoexperience.com\/wp-content\/uploads\/2015\/04\/B-giorno7__marrakech_palais_el-badi-300x225.jpg 300w, https:\/\/maroccoexperience.com\/wp-content\/uploads\/2015\/04\/B-giorno7__marrakech_palais_el-badi.jpg 1200w\" sizes=\"auto, (max-width: 930px) 100vw, 930px\" \/><\/a><\/figure>\n\n\n\n<h5 class=\"has-text-align-center wp-block-heading\"><a href=\"https:\/\/maroccoexperience.com\/?p=1127\">DANSE DE MARRAKECH ET DE L&rsquo;OASIS DE SKOURA<\/a><\/h5>\n\n\n\n<p class=\"has-text-align-center\">Famille &#8211; Couple &#8211; Amis<br> <em>6 jours \/ 5 nuits<\/em><\/p>\n<\/div>\n<\/div>\n","protected":false},"excerpt":{"rendered":"<p>TOUR DE 5 \u00c0 6 JOURS LES VILLES IMPERIALES: FES, MARRAKECH, RABAT Culture &#8211; Couple &#8211; Photographie 5 jours \/ 4 nuits MARRAKECH ET ESSAOUIRA ENTRE D\u00c9TENTE, BIEN-\u00caTRE ET SHOPPING Couple &#8211; Famille &#8211; Amis 5 jours \/ 4 nuits TRAVERSER LE DESERT DU SAHARA Aventure &#8211; Amis &#8211; Couple 6 jours \/ 5 nuits [&hellip;]<\/p>\n","protected":false},"author":1,"featured_media":0,"parent":0,"menu_order":0,"comment_status":"closed","ping_status":"open","template":"","meta":{"_joinchat":[],"footnotes":""},"class_list":["post-1562","page","type-page","status-publish","hentry"],"yoast_head":"<!-- This site is optimized with the Yoast SEO Premium plugin v25.1 (Yoast SEO v27.3) - https:\/\/yoast.com\/product\/yoast-seo-premium-wordpress\/ -->\n<title>Circuit de 5 \u00e0 6 jours - Marocco Experience Tours - Vacances et voyages<\/title>\n<meta name=\"description\" content=\"Toutes les offres sur le voyage Maroc Experience. Les circuits et itin\u00e9raires les plus populaires \u00e0 prix r\u00e9duit. A chaque nouvelle saison, de nouvelles\" \/>\n<meta name=\"robots\" content=\"index, follow, max-snippet:-1, max-image-preview:large, max-video-preview:-1\" \/>\n<link rel=\"canonical\" href=\"https:\/\/maroccoexperience.com\/fr\/circuit-de-5-a-6-jours\/\" \/>\n<meta property=\"og:locale\" content=\"fr_FR\" \/>\n<meta property=\"og:type\" content=\"article\" \/>\n<meta property=\"og:title\" content=\"Circuit de 5 \u00e0 6 jours\" \/>\n<meta property=\"og:description\" content=\"Toutes les offres sur le voyage Maroc Experience. Les circuits et itin\u00e9raires les plus populaires \u00e0 prix r\u00e9duit. A chaque nouvelle saison, de nouvelles\" \/>\n<meta property=\"og:url\" content=\"https:\/\/maroccoexperience.com\/fr\/circuit-de-5-a-6-jours\/\" \/>\n<meta property=\"og:site_name\" content=\"Marocco Experience - Tours, Excursions, Voyages, Transferts, Offres et Promotions\" \/>\n<meta property=\"article:modified_time\" content=\"2020-03-14T15:48:17+00:00\" \/>\n<meta property=\"og:image\" content=\"https:\/\/maroccoexperience.com\/wp-content\/uploads\/2015\/04\/B1-giorno1_marrakech_bab_agnaou-930x698.jpg\" \/>\n<script type=\"application\/ld+json\" class=\"yoast-schema-graph\">{\"@context\":\"https:\\\/\\\/schema.org\",\"@graph\":[{\"@type\":\"WebPage\",\"@id\":\"https:\\\/\\\/maroccoexperience.com\\\/fr\\\/circuit-de-5-a-6-jours\\\/\",\"url\":\"https:\\\/\\\/maroccoexperience.com\\\/fr\\\/circuit-de-5-a-6-jours\\\/\",\"name\":\"Circuit de 5 \u00e0 6 jours - Marocco Experience Tours - Vacances et voyages\",\"isPartOf\":{\"@id\":\"https:\\\/\\\/maroccoexperience.com\\\/fr\\\/#website\"},\"primaryImageOfPage\":{\"@id\":\"https:\\\/\\\/maroccoexperience.com\\\/fr\\\/circuit-de-5-a-6-jours\\\/#primaryimage\"},\"image\":{\"@id\":\"https:\\\/\\\/maroccoexperience.com\\\/fr\\\/circuit-de-5-a-6-jours\\\/#primaryimage\"},\"thumbnailUrl\":\"https:\\\/\\\/maroccoexperience.com\\\/wp-content\\\/uploads\\\/2015\\\/04\\\/B1-giorno1_marrakech_bab_agnaou-930x698.jpg\",\"datePublished\":\"2015-05-10T15:05:19+00:00\",\"dateModified\":\"2020-03-14T15:48:17+00:00\",\"description\":\"Toutes les offres sur le voyage Maroc Experience. Les circuits et itin\u00e9raires les plus populaires \u00e0 prix r\u00e9duit. A chaque nouvelle saison, de nouvelles\",\"breadcrumb\":{\"@id\":\"https:\\\/\\\/maroccoexperience.com\\\/fr\\\/circuit-de-5-a-6-jours\\\/#breadcrumb\"},\"inLanguage\":\"fr-FR\",\"potentialAction\":[{\"@type\":\"ReadAction\",\"target\":[\"https:\\\/\\\/maroccoexperience.com\\\/fr\\\/circuit-de-5-a-6-jours\\\/\"]}]},{\"@type\":\"ImageObject\",\"inLanguage\":\"fr-FR\",\"@id\":\"https:\\\/\\\/maroccoexperience.com\\\/fr\\\/circuit-de-5-a-6-jours\\\/#primaryimage\",\"url\":\"https:\\\/\\\/maroccoexperience.com\\\/wp-content\\\/uploads\\\/2015\\\/04\\\/B1-giorno1_marrakech_bab_agnaou-930x698.jpg\",\"contentUrl\":\"https:\\\/\\\/maroccoexperience.com\\\/wp-content\\\/uploads\\\/2015\\\/04\\\/B1-giorno1_marrakech_bab_agnaou-930x698.jpg\"},{\"@type\":\"BreadcrumbList\",\"@id\":\"https:\\\/\\\/maroccoexperience.com\\\/fr\\\/circuit-de-5-a-6-jours\\\/#breadcrumb\",\"itemListElement\":[{\"@type\":\"ListItem\",\"position\":1,\"name\":\"Home\",\"item\":\"https:\\\/\\\/maroccoexperience.com\\\/fr\\\/\"},{\"@type\":\"ListItem\",\"position\":2,\"name\":\"Circuit de 5 \u00e0 6 jours\"}]},{\"@type\":\"WebSite\",\"@id\":\"https:\\\/\\\/maroccoexperience.com\\\/fr\\\/#website\",\"url\":\"https:\\\/\\\/maroccoexperience.com\\\/fr\\\/\",\"name\":\"Marocco Experience - Tours, Excursions, Voyages, Transferts, Offres et Promotions\",\"description\":\"Voyager c&#039;est vivre, visites guid\u00e9es, excursions au Maroc\",\"potentialAction\":[{\"@type\":\"SearchAction\",\"target\":{\"@type\":\"EntryPoint\",\"urlTemplate\":\"https:\\\/\\\/maroccoexperience.com\\\/fr\\\/?s={search_term_string}\"},\"query-input\":{\"@type\":\"PropertyValueSpecification\",\"valueRequired\":true,\"valueName\":\"search_term_string\"}}],\"inLanguage\":\"fr-FR\"}]}<\/script>\n<!-- \/ Yoast SEO Premium plugin. -->","yoast_head_json":{"title":"Circuit de 5 \u00e0 6 jours - Marocco Experience Tours - Vacances et voyages","description":"Toutes les offres sur le voyage Maroc Experience. Les circuits et itin\u00e9raires les plus populaires \u00e0 prix r\u00e9duit. A chaque nouvelle saison, de nouvelles","robots":{"index":"index","follow":"follow","max-snippet":"max-snippet:-1","max-image-preview":"max-image-preview:large","max-video-preview":"max-video-preview:-1"},"canonical":"https:\/\/maroccoexperience.com\/fr\/circuit-de-5-a-6-jours\/","og_locale":"fr_FR","og_type":"article","og_title":"Circuit de 5 \u00e0 6 jours","og_description":"Toutes les offres sur le voyage Maroc Experience. Les circuits et itin\u00e9raires les plus populaires \u00e0 prix r\u00e9duit. A chaque nouvelle saison, de nouvelles","og_url":"https:\/\/maroccoexperience.com\/fr\/circuit-de-5-a-6-jours\/","og_site_name":"Marocco Experience - Tours, Excursions, Voyages, Transferts, Offres et Promotions","article_modified_time":"2020-03-14T15:48:17+00:00","og_image":[{"url":"https:\/\/maroccoexperience.com\/wp-content\/uploads\/2015\/04\/B1-giorno1_marrakech_bab_agnaou-930x698.jpg","type":"","width":"","height":""}],"schema":{"@context":"https:\/\/schema.org","@graph":[{"@type":"WebPage","@id":"https:\/\/maroccoexperience.com\/fr\/circuit-de-5-a-6-jours\/","url":"https:\/\/maroccoexperience.com\/fr\/circuit-de-5-a-6-jours\/","name":"Circuit de 5 \u00e0 6 jours - Marocco Experience Tours - Vacances et voyages","isPartOf":{"@id":"https:\/\/maroccoexperience.com\/fr\/#website"},"primaryImageOfPage":{"@id":"https:\/\/maroccoexperience.com\/fr\/circuit-de-5-a-6-jours\/#primaryimage"},"image":{"@id":"https:\/\/maroccoexperience.com\/fr\/circuit-de-5-a-6-jours\/#primaryimage"},"thumbnailUrl":"https:\/\/maroccoexperience.com\/wp-content\/uploads\/2015\/04\/B1-giorno1_marrakech_bab_agnaou-930x698.jpg","datePublished":"2015-05-10T15:05:19+00:00","dateModified":"2020-03-14T15:48:17+00:00","description":"Toutes les offres sur le voyage Maroc Experience. Les circuits et itin\u00e9raires les plus populaires \u00e0 prix r\u00e9duit. A chaque nouvelle saison, de nouvelles","breadcrumb":{"@id":"https:\/\/maroccoexperience.com\/fr\/circuit-de-5-a-6-jours\/#breadcrumb"},"inLanguage":"fr-FR","potentialAction":[{"@type":"ReadAction","target":["https:\/\/maroccoexperience.com\/fr\/circuit-de-5-a-6-jours\/"]}]},{"@type":"ImageObject","inLanguage":"fr-FR","@id":"https:\/\/maroccoexperience.com\/fr\/circuit-de-5-a-6-jours\/#primaryimage","url":"https:\/\/maroccoexperience.com\/wp-content\/uploads\/2015\/04\/B1-giorno1_marrakech_bab_agnaou-930x698.jpg","contentUrl":"https:\/\/maroccoexperience.com\/wp-content\/uploads\/2015\/04\/B1-giorno1_marrakech_bab_agnaou-930x698.jpg"},{"@type":"BreadcrumbList","@id":"https:\/\/maroccoexperience.com\/fr\/circuit-de-5-a-6-jours\/#breadcrumb","itemListElement":[{"@type":"ListItem","position":1,"name":"Home","item":"https:\/\/maroccoexperience.com\/fr\/"},{"@type":"ListItem","position":2,"name":"Circuit de 5 \u00e0 6 jours"}]},{"@type":"WebSite","@id":"https:\/\/maroccoexperience.com\/fr\/#website","url":"https:\/\/maroccoexperience.com\/fr\/","name":"Marocco Experience - Tours, Excursions, Voyages, Transferts, Offres et Promotions","description":"Voyager c&#039;est vivre, visites guid\u00e9es, excursions au Maroc","potentialAction":[{"@type":"SearchAction","target":{"@type":"EntryPoint","urlTemplate":"https:\/\/maroccoexperience.com\/fr\/?s={search_term_string}"},"query-input":{"@type":"PropertyValueSpecification","valueRequired":true,"valueName":"search_term_string"}}],"inLanguage":"fr-FR"}]}},"_links":{"self":[{"href":"https:\/\/maroccoexperience.com\/fr\/wp-json\/wp\/v2\/pages\/1562","targetHints":{"allow":["GET"]}}],"collection":[{"href":"https:\/\/maroccoexperience.com\/fr\/wp-json\/wp\/v2\/pages"}],"about":[{"href":"https:\/\/maroccoexperience.com\/fr\/wp-json\/wp\/v2\/types\/page"}],"author":[{"embeddable":true,"href":"https:\/\/maroccoexperience.com\/fr\/wp-json\/wp\/v2\/users\/1"}],"replies":[{"embeddable":true,"href":"https:\/\/maroccoexperience.com\/fr\/wp-json\/wp\/v2\/comments?post=1562"}],"version-history":[{"count":0,"href":"https:\/\/maroccoexperience.com\/fr\/wp-json\/wp\/v2\/pages\/1562\/revisions"}],"wp:attachment":[{"href":"https:\/\/maroccoexperience.com\/fr\/wp-json\/wp\/v2\/media?parent=1562"}],"curies":[{"name":"wp","href":"https:\/\/api.w.org\/{rel}","templated":true}]}}