{"id":1559,"date":"2015-05-10T17:07:21","date_gmt":"2015-05-10T15:07:21","guid":{"rendered":"https:\/\/maroccoexperience.com\/tour-da-8-giorni\/"},"modified":"2020-03-14T21:21:34","modified_gmt":"2020-03-14T20:21:34","slug":"circuit-de-8-jours","status":"publish","type":"page","link":"https:\/\/maroccoexperience.com\/fr\/circuit-de-8-jours\/","title":{"rendered":"Circuit de 8 jours"},"content":{"rendered":"\n<h1 class=\"has-text-align-center wp-block-heading\">Circuit de 8 jours \/ 7 nuits<\/h1>\n\n\n\n<div class=\"wp-block-columns is-layout-flex wp-container-core-columns-is-layout-9d6595d7 wp-block-columns-is-layout-flex\">\n<div class=\"wp-block-column is-layout-flow wp-block-column-is-layout-flow\">\n<figure class=\"wp-block-image size-large\"><a href=\"https:\/\/maroccoexperience.com\/?p=1106\"><img loading=\"lazy\" decoding=\"async\" width=\"930\" height=\"698\" src=\"https:\/\/maroccoexperience.com\/wp-content\/uploads\/2015\/04\/A-giorno5_pista_boutagrar2-930x698.jpg\" alt=\"FES, MARRAKECH, THE OASIS AND THE DESERT\" class=\"wp-image-1574\" srcset=\"https:\/\/maroccoexperience.com\/wp-content\/uploads\/2015\/04\/A-giorno5_pista_boutagrar2-930x698.jpg 930w, https:\/\/maroccoexperience.com\/wp-content\/uploads\/2015\/04\/A-giorno5_pista_boutagrar2-610x458.jpg 610w, https:\/\/maroccoexperience.com\/wp-content\/uploads\/2015\/04\/A-giorno5_pista_boutagrar2-200x150.jpg 200w, https:\/\/maroccoexperience.com\/wp-content\/uploads\/2015\/04\/A-giorno5_pista_boutagrar2-400x300.jpg 400w, https:\/\/maroccoexperience.com\/wp-content\/uploads\/2015\/04\/A-giorno5_pista_boutagrar2-300x225.jpg 300w, https:\/\/maroccoexperience.com\/wp-content\/uploads\/2015\/04\/A-giorno5_pista_boutagrar2.jpg 1200w\" sizes=\"auto, (max-width: 930px) 100vw, 930px\" \/><\/a><\/figure>\n\n\n\n<h5 class=\"has-text-align-center wp-block-heading\"><a href=\"https:\/\/maroccoexperience.com\/?p=1106\">FES, MARRAKECH, L&rsquo;OASIS ET LE D\u00c9SERT<\/a><\/h5>\n\n\n\n<p class=\"has-text-align-center\">Couple &#8211; Amis &#8211; Photographie<br> <em>8 jours \/ 7 nuits<\/em><\/p>\n<\/div>\n\n\n\n<div class=\"wp-block-column is-layout-flow wp-block-column-is-layout-flow\">\n<figure class=\"wp-block-image size-large\"><a href=\"https:\/\/maroccoexperience.com\/?p=1109\"><img loading=\"lazy\" decoding=\"async\" width=\"930\" height=\"698\" src=\"https:\/\/maroccoexperience.com\/wp-content\/uploads\/2015\/04\/B-giorno1_casablanca1-930x698.jpg\" alt=\"THE IMPERIAL CITIES AND THE ATLAS\" class=\"wp-image-1948\" srcset=\"https:\/\/maroccoexperience.com\/wp-content\/uploads\/2015\/04\/B-giorno1_casablanca1-930x698.jpg 930w, https:\/\/maroccoexperience.com\/wp-content\/uploads\/2015\/04\/B-giorno1_casablanca1-610x458.jpg 610w, https:\/\/maroccoexperience.com\/wp-content\/uploads\/2015\/04\/B-giorno1_casablanca1-200x150.jpg 200w, https:\/\/maroccoexperience.com\/wp-content\/uploads\/2015\/04\/B-giorno1_casablanca1-400x300.jpg 400w, https:\/\/maroccoexperience.com\/wp-content\/uploads\/2015\/04\/B-giorno1_casablanca1-300x225.jpg 300w, https:\/\/maroccoexperience.com\/wp-content\/uploads\/2015\/04\/B-giorno1_casablanca1.jpg 1200w\" sizes=\"auto, (max-width: 930px) 100vw, 930px\" \/><\/a><\/figure>\n\n\n\n<h5 class=\"has-text-align-center wp-block-heading\"><a href=\"https:\/\/maroccoexperience.com\/?p=1109\">LES VILLES IMPERIALES ET LES ATLAS<\/a><\/h5>\n\n\n\n<p class=\"has-text-align-center\">Aventure &#8211; Amis &#8211; Photographie<br> <em>8 jours \/ 7 nuits<\/em><\/p>\n<\/div>\n\n\n\n<div class=\"wp-block-column is-layout-flow wp-block-column-is-layout-flow\">\n<figure class=\"wp-block-image size-large\"><a href=\"https:\/\/maroccoexperience.com\/?p=1161\"><img loading=\"lazy\" decoding=\"async\" width=\"930\" height=\"698\" src=\"https:\/\/maroccoexperience.com\/wp-content\/uploads\/2015\/04\/L_giorno4_legzira-930x698.jpg\" alt=\"MARRAKECH, ESSAOUIRA AND THE ATLANTIC COAST\" class=\"wp-image-1826\" srcset=\"https:\/\/maroccoexperience.com\/wp-content\/uploads\/2015\/04\/L_giorno4_legzira-930x698.jpg 930w, https:\/\/maroccoexperience.com\/wp-content\/uploads\/2015\/04\/L_giorno4_legzira-610x458.jpg 610w, https:\/\/maroccoexperience.com\/wp-content\/uploads\/2015\/04\/L_giorno4_legzira-200x150.jpg 200w, https:\/\/maroccoexperience.com\/wp-content\/uploads\/2015\/04\/L_giorno4_legzira-400x300.jpg 400w, https:\/\/maroccoexperience.com\/wp-content\/uploads\/2015\/04\/L_giorno4_legzira-300x225.jpg 300w, https:\/\/maroccoexperience.com\/wp-content\/uploads\/2015\/04\/L_giorno4_legzira.jpg 1200w\" sizes=\"auto, (max-width: 930px) 100vw, 930px\" \/><\/a><\/figure>\n\n\n\n<h5 class=\"has-text-align-center wp-block-heading\"><a href=\"https:\/\/maroccoexperience.com\/?p=1161\">MARRAKECH, ESSAOUIRA ET LA C\u00d4TE ATLANTIQUE<\/a><\/h5>\n\n\n\n<p class=\"has-text-align-center\">Famille &#8211; Amis &#8211; Sport<br> <em>8 jours \/ 7 nuits<\/em><\/p>\n<\/div>\n<\/div>\n\n\n\n<div class=\"wp-block-columns is-layout-flex wp-container-core-columns-is-layout-9d6595d7 wp-block-columns-is-layout-flex\">\n<div class=\"wp-block-column is-layout-flow wp-block-column-is-layout-flow\">\n<figure class=\"wp-block-image size-large\"><a href=\"https:\/\/maroccoexperience.com\/?p=1290\"><img loading=\"lazy\" decoding=\"async\" width=\"930\" height=\"698\" src=\"https:\/\/maroccoexperience.com\/wp-content\/uploads\/2015\/04\/D_giorno5_merzouga-930x698.jpg\" alt=\"MARRAKECH, SKOURA, THE ATLAS AND THE DESERT\" class=\"wp-image-1779\" srcset=\"https:\/\/maroccoexperience.com\/wp-content\/uploads\/2015\/04\/D_giorno5_merzouga-930x698.jpg 930w, https:\/\/maroccoexperience.com\/wp-content\/uploads\/2015\/04\/D_giorno5_merzouga-610x458.jpg 610w, https:\/\/maroccoexperience.com\/wp-content\/uploads\/2015\/04\/D_giorno5_merzouga-200x150.jpg 200w, https:\/\/maroccoexperience.com\/wp-content\/uploads\/2015\/04\/D_giorno5_merzouga-400x300.jpg 400w, https:\/\/maroccoexperience.com\/wp-content\/uploads\/2015\/04\/D_giorno5_merzouga-300x225.jpg 300w, https:\/\/maroccoexperience.com\/wp-content\/uploads\/2015\/04\/D_giorno5_merzouga.jpg 1200w\" sizes=\"auto, (max-width: 930px) 100vw, 930px\" \/><\/a><\/figure>\n\n\n\n<h5 class=\"has-text-align-center wp-block-heading\"><a href=\"https:\/\/maroccoexperience.com\/?p=1290\">MARRAKECH, SKOURA, L&rsquo;ATLAS ET LE D\u00c9SERT<\/a><\/h5>\n\n\n\n<p class=\"has-text-align-center\">Aventure &#8211; Couple &#8211; Amis<br><em> 8 jours \/ 7 nuits<\/em><\/p>\n<\/div>\n\n\n\n<div class=\"wp-block-column is-layout-flow wp-block-column-is-layout-flow\">\n<figure class=\"wp-block-image size-large\"><a href=\"https:\/\/maroccoexperience.com\/?p=1131\"><img loading=\"lazy\" decoding=\"async\" width=\"930\" height=\"698\" src=\"https:\/\/maroccoexperience.com\/wp-content\/uploads\/2015\/04\/P-giorno3-da_aitbenhaddou_a_ouarzazate1-930x698.jpg\" alt=\"THE OASIS OF SKOURA, JEBEL SARHRO AND THE DRAA VALLEY BY MOUNTAIN BIKE\" class=\"wp-image-1760\" srcset=\"https:\/\/maroccoexperience.com\/wp-content\/uploads\/2015\/04\/P-giorno3-da_aitbenhaddou_a_ouarzazate1-930x698.jpg 930w, https:\/\/maroccoexperience.com\/wp-content\/uploads\/2015\/04\/P-giorno3-da_aitbenhaddou_a_ouarzazate1-610x458.jpg 610w, https:\/\/maroccoexperience.com\/wp-content\/uploads\/2015\/04\/P-giorno3-da_aitbenhaddou_a_ouarzazate1-200x150.jpg 200w, https:\/\/maroccoexperience.com\/wp-content\/uploads\/2015\/04\/P-giorno3-da_aitbenhaddou_a_ouarzazate1-400x300.jpg 400w, https:\/\/maroccoexperience.com\/wp-content\/uploads\/2015\/04\/P-giorno3-da_aitbenhaddou_a_ouarzazate1-300x225.jpg 300w, https:\/\/maroccoexperience.com\/wp-content\/uploads\/2015\/04\/P-giorno3-da_aitbenhaddou_a_ouarzazate1.jpg 1200w\" sizes=\"auto, (max-width: 930px) 100vw, 930px\" \/><\/a><\/figure>\n\n\n\n<h5 class=\"has-text-align-center wp-block-heading\"><a href=\"https:\/\/maroccoexperience.com\/?p=1131\">L&rsquo;OASIS DE SKOURA, JEBEL SARHRO ET LA VALL\u00c9E DU DRAA EN VTT<\/a><\/h5>\n\n\n\n<p class=\"has-text-align-center\">Aventure &#8211; Amis &#8211; Sport<br> <em>8 jours \/ 7 nuits<\/em><\/p>\n<\/div>\n<\/div>\n","protected":false},"excerpt":{"rendered":"<p>Circuit de 8 jours \/ 7 nuits FES, MARRAKECH, L&rsquo;OASIS ET LE D\u00c9SERT Couple &#8211; Amis &#8211; Photographie 8 jours \/ 7 nuits LES VILLES IMPERIALES ET LES ATLAS Aventure &#8211; Amis &#8211; Photographie 8 jours \/ 7 nuits MARRAKECH, ESSAOUIRA ET LA C\u00d4TE ATLANTIQUE Famille &#8211; Amis &#8211; Sport 8 jours \/ 7 nuits [&hellip;]<\/p>\n","protected":false},"author":1,"featured_media":0,"parent":0,"menu_order":0,"comment_status":"closed","ping_status":"open","template":"","meta":{"_joinchat":[],"footnotes":""},"class_list":["post-1559","page","type-page","status-publish","hentry"],"yoast_head":"<!-- This site is optimized with the Yoast SEO Premium plugin v25.1 (Yoast SEO v27.3) - https:\/\/yoast.com\/product\/yoast-seo-premium-wordpress\/ -->\n<title>Circuit de 8 jours - Marocco Experience Tours - Voyages et Vacances<\/title>\n<meta name=\"description\" content=\"Circuit de 8 jours le voyage Maroc Experience. Les circuits et itin\u00e9raires les plus populaires \u00e0 prix r\u00e9duit. A chaque nouvelle saison, de nouvelles\" \/>\n<meta name=\"robots\" content=\"index, follow, max-snippet:-1, max-image-preview:large, max-video-preview:-1\" \/>\n<link rel=\"canonical\" href=\"https:\/\/maroccoexperience.com\/fr\/circuit-de-8-jours\/\" \/>\n<meta property=\"og:locale\" content=\"fr_FR\" \/>\n<meta property=\"og:type\" content=\"article\" \/>\n<meta property=\"og:title\" content=\"Circuit de 8 jours\" \/>\n<meta property=\"og:description\" content=\"Circuit de 8 jours le voyage Maroc Experience. Les circuits et itin\u00e9raires les plus populaires \u00e0 prix r\u00e9duit. A chaque nouvelle saison, de nouvelles\" \/>\n<meta property=\"og:url\" content=\"https:\/\/maroccoexperience.com\/fr\/circuit-de-8-jours\/\" \/>\n<meta property=\"og:site_name\" content=\"Marocco Experience - Tours, Excursions, Voyages, Transferts, Offres et Promotions\" \/>\n<meta property=\"article:modified_time\" content=\"2020-03-14T20:21:34+00:00\" \/>\n<meta property=\"og:image\" content=\"https:\/\/maroccoexperience.com\/wp-content\/uploads\/2015\/04\/A-giorno5_pista_boutagrar2-930x698.jpg\" \/>\n<script type=\"application\/ld+json\" class=\"yoast-schema-graph\">{\"@context\":\"https:\\\/\\\/schema.org\",\"@graph\":[{\"@type\":\"WebPage\",\"@id\":\"https:\\\/\\\/maroccoexperience.com\\\/fr\\\/circuit-de-8-jours\\\/\",\"url\":\"https:\\\/\\\/maroccoexperience.com\\\/fr\\\/circuit-de-8-jours\\\/\",\"name\":\"Circuit de 8 jours - Marocco Experience Tours - Voyages et Vacances\",\"isPartOf\":{\"@id\":\"https:\\\/\\\/maroccoexperience.com\\\/fr\\\/#website\"},\"primaryImageOfPage\":{\"@id\":\"https:\\\/\\\/maroccoexperience.com\\\/fr\\\/circuit-de-8-jours\\\/#primaryimage\"},\"image\":{\"@id\":\"https:\\\/\\\/maroccoexperience.com\\\/fr\\\/circuit-de-8-jours\\\/#primaryimage\"},\"thumbnailUrl\":\"https:\\\/\\\/maroccoexperience.com\\\/wp-content\\\/uploads\\\/2015\\\/04\\\/A-giorno5_pista_boutagrar2-930x698.jpg\",\"datePublished\":\"2015-05-10T15:07:21+00:00\",\"dateModified\":\"2020-03-14T20:21:34+00:00\",\"description\":\"Circuit de 8 jours le voyage Maroc Experience. Les circuits et itin\u00e9raires les plus populaires \u00e0 prix r\u00e9duit. A chaque nouvelle saison, de nouvelles\",\"breadcrumb\":{\"@id\":\"https:\\\/\\\/maroccoexperience.com\\\/fr\\\/circuit-de-8-jours\\\/#breadcrumb\"},\"inLanguage\":\"fr-FR\",\"potentialAction\":[{\"@type\":\"ReadAction\",\"target\":[\"https:\\\/\\\/maroccoexperience.com\\\/fr\\\/circuit-de-8-jours\\\/\"]}]},{\"@type\":\"ImageObject\",\"inLanguage\":\"fr-FR\",\"@id\":\"https:\\\/\\\/maroccoexperience.com\\\/fr\\\/circuit-de-8-jours\\\/#primaryimage\",\"url\":\"https:\\\/\\\/maroccoexperience.com\\\/wp-content\\\/uploads\\\/2015\\\/04\\\/A-giorno5_pista_boutagrar2-930x698.jpg\",\"contentUrl\":\"https:\\\/\\\/maroccoexperience.com\\\/wp-content\\\/uploads\\\/2015\\\/04\\\/A-giorno5_pista_boutagrar2-930x698.jpg\"},{\"@type\":\"BreadcrumbList\",\"@id\":\"https:\\\/\\\/maroccoexperience.com\\\/fr\\\/circuit-de-8-jours\\\/#breadcrumb\",\"itemListElement\":[{\"@type\":\"ListItem\",\"position\":1,\"name\":\"Home\",\"item\":\"https:\\\/\\\/maroccoexperience.com\\\/fr\\\/\"},{\"@type\":\"ListItem\",\"position\":2,\"name\":\"Circuit de 8 jours\"}]},{\"@type\":\"WebSite\",\"@id\":\"https:\\\/\\\/maroccoexperience.com\\\/fr\\\/#website\",\"url\":\"https:\\\/\\\/maroccoexperience.com\\\/fr\\\/\",\"name\":\"Marocco Experience - Tours, Excursions, Voyages, Transferts, Offres et Promotions\",\"description\":\"Voyager c&#039;est vivre, visites guid\u00e9es, excursions au Maroc\",\"potentialAction\":[{\"@type\":\"SearchAction\",\"target\":{\"@type\":\"EntryPoint\",\"urlTemplate\":\"https:\\\/\\\/maroccoexperience.com\\\/fr\\\/?s={search_term_string}\"},\"query-input\":{\"@type\":\"PropertyValueSpecification\",\"valueRequired\":true,\"valueName\":\"search_term_string\"}}],\"inLanguage\":\"fr-FR\"}]}<\/script>\n<!-- \/ Yoast SEO Premium plugin. -->","yoast_head_json":{"title":"Circuit de 8 jours - Marocco Experience Tours - Voyages et Vacances","description":"Circuit de 8 jours le voyage Maroc Experience. Les circuits et itin\u00e9raires les plus populaires \u00e0 prix r\u00e9duit. A chaque nouvelle saison, de nouvelles","robots":{"index":"index","follow":"follow","max-snippet":"max-snippet:-1","max-image-preview":"max-image-preview:large","max-video-preview":"max-video-preview:-1"},"canonical":"https:\/\/maroccoexperience.com\/fr\/circuit-de-8-jours\/","og_locale":"fr_FR","og_type":"article","og_title":"Circuit de 8 jours","og_description":"Circuit de 8 jours le voyage Maroc Experience. Les circuits et itin\u00e9raires les plus populaires \u00e0 prix r\u00e9duit. A chaque nouvelle saison, de nouvelles","og_url":"https:\/\/maroccoexperience.com\/fr\/circuit-de-8-jours\/","og_site_name":"Marocco Experience - Tours, Excursions, Voyages, Transferts, Offres et Promotions","article_modified_time":"2020-03-14T20:21:34+00:00","og_image":[{"url":"https:\/\/maroccoexperience.com\/wp-content\/uploads\/2015\/04\/A-giorno5_pista_boutagrar2-930x698.jpg","type":"","width":"","height":""}],"schema":{"@context":"https:\/\/schema.org","@graph":[{"@type":"WebPage","@id":"https:\/\/maroccoexperience.com\/fr\/circuit-de-8-jours\/","url":"https:\/\/maroccoexperience.com\/fr\/circuit-de-8-jours\/","name":"Circuit de 8 jours - Marocco Experience Tours - Voyages et Vacances","isPartOf":{"@id":"https:\/\/maroccoexperience.com\/fr\/#website"},"primaryImageOfPage":{"@id":"https:\/\/maroccoexperience.com\/fr\/circuit-de-8-jours\/#primaryimage"},"image":{"@id":"https:\/\/maroccoexperience.com\/fr\/circuit-de-8-jours\/#primaryimage"},"thumbnailUrl":"https:\/\/maroccoexperience.com\/wp-content\/uploads\/2015\/04\/A-giorno5_pista_boutagrar2-930x698.jpg","datePublished":"2015-05-10T15:07:21+00:00","dateModified":"2020-03-14T20:21:34+00:00","description":"Circuit de 8 jours le voyage Maroc Experience. Les circuits et itin\u00e9raires les plus populaires \u00e0 prix r\u00e9duit. A chaque nouvelle saison, de nouvelles","breadcrumb":{"@id":"https:\/\/maroccoexperience.com\/fr\/circuit-de-8-jours\/#breadcrumb"},"inLanguage":"fr-FR","potentialAction":[{"@type":"ReadAction","target":["https:\/\/maroccoexperience.com\/fr\/circuit-de-8-jours\/"]}]},{"@type":"ImageObject","inLanguage":"fr-FR","@id":"https:\/\/maroccoexperience.com\/fr\/circuit-de-8-jours\/#primaryimage","url":"https:\/\/maroccoexperience.com\/wp-content\/uploads\/2015\/04\/A-giorno5_pista_boutagrar2-930x698.jpg","contentUrl":"https:\/\/maroccoexperience.com\/wp-content\/uploads\/2015\/04\/A-giorno5_pista_boutagrar2-930x698.jpg"},{"@type":"BreadcrumbList","@id":"https:\/\/maroccoexperience.com\/fr\/circuit-de-8-jours\/#breadcrumb","itemListElement":[{"@type":"ListItem","position":1,"name":"Home","item":"https:\/\/maroccoexperience.com\/fr\/"},{"@type":"ListItem","position":2,"name":"Circuit de 8 jours"}]},{"@type":"WebSite","@id":"https:\/\/maroccoexperience.com\/fr\/#website","url":"https:\/\/maroccoexperience.com\/fr\/","name":"Marocco Experience - Tours, Excursions, Voyages, Transferts, Offres et Promotions","description":"Voyager c&#039;est vivre, visites guid\u00e9es, excursions au Maroc","potentialAction":[{"@type":"SearchAction","target":{"@type":"EntryPoint","urlTemplate":"https:\/\/maroccoexperience.com\/fr\/?s={search_term_string}"},"query-input":{"@type":"PropertyValueSpecification","valueRequired":true,"valueName":"search_term_string"}}],"inLanguage":"fr-FR"}]}},"_links":{"self":[{"href":"https:\/\/maroccoexperience.com\/fr\/wp-json\/wp\/v2\/pages\/1559","targetHints":{"allow":["GET"]}}],"collection":[{"href":"https:\/\/maroccoexperience.com\/fr\/wp-json\/wp\/v2\/pages"}],"about":[{"href":"https:\/\/maroccoexperience.com\/fr\/wp-json\/wp\/v2\/types\/page"}],"author":[{"embeddable":true,"href":"https:\/\/maroccoexperience.com\/fr\/wp-json\/wp\/v2\/users\/1"}],"replies":[{"embeddable":true,"href":"https:\/\/maroccoexperience.com\/fr\/wp-json\/wp\/v2\/comments?post=1559"}],"version-history":[{"count":0,"href":"https:\/\/maroccoexperience.com\/fr\/wp-json\/wp\/v2\/pages\/1559\/revisions"}],"wp:attachment":[{"href":"https:\/\/maroccoexperience.com\/fr\/wp-json\/wp\/v2\/media?parent=1559"}],"curies":[{"name":"wp","href":"https:\/\/api.w.org\/{rel}","templated":true}]}}