{"id":1547,"date":"2015-05-14T17:22:09","date_gmt":"2015-05-14T15:22:09","guid":{"rendered":"https:\/\/maroccoexperience.com\/contatti\/"},"modified":"2023-05-26T20:26:30","modified_gmt":"2023-05-26T18:26:30","slug":"nous-contacter","status":"publish","type":"page","link":"https:\/\/maroccoexperience.com\/fr\/nous-contacter\/","title":{"rendered":"Nous Contacter"},"content":{"rendered":"\n<div class=\"wp-block-columns is-layout-flex wp-container-core-columns-is-layout-9d6595d7 wp-block-columns-is-layout-flex\">\n<div class=\"wp-block-column is-layout-flow wp-block-column-is-layout-flow\">\n<figure class=\"wp-block-image size-large\"><img loading=\"lazy\" decoding=\"async\" width=\"222\" height=\"64\" src=\"https:\/\/maroccoexperience.com\/wp-content\/uploads\/2015\/01\/Logo64.png\" alt=\"Marocco Experience \" class=\"wp-image-1884\"\/><\/figure>\n\n\n\n<h5 class=\"wp-block-heading\">Contacter Marocco Experience<\/h5>\n\n\n\n<p>\u00c9quipe Marocco Experience heureux de r\u00e9pondre \u00e0 tout le monde pour des \u00e9claircissements, des informations, des curiosit\u00e9s \u2026 bref, pour tout! Faites-nous part de vos envies et passions avant m\u00eame de partir, Marocco Experience personnalisera le voyage de vos r\u00eaves avec vous! <\/p>\n\n\n\n<h5 class=\"wp-block-heading\">Notre bureau<\/h5>\n\n\n\n<p> Marocco Experience, N1026 Hay Mohammadi, Ouarzazate, CP 45000, Maroc<br>E-mail: info@maroccoexperience.com<br>GSM MA: 00212 6 71159201<br>GSM IT: 0039348 3271823 <\/p>\n\n\n\n<iframe loading=\"lazy\" src=\"https:\/\/www.google.com\/maps\/embed?pb=!1m18!1m12!1m3!1d3422.140939859872!2d-6.933672585384016!3d30.93862798273225!2m3!1f0!2f0!3f0!3m2!1i1024!2i768!4f13.1!3m3!1m2!1s0xdbb1ba7a9a79dbd%3A0xb61da67945839cf4!2sMarocco%20Experience!5e0!3m2!1sen!2sma!4v1582215050953!5m2!1sen!2sma\" width=\"100%\" height=\"300\" frameborder=\"0\" style=\"border:0;\" allowfullscreen=\"\"><\/iframe>\n<\/div>\n\n\n\n<div class=\"wp-block-column is-layout-flow wp-block-column-is-layout-flow\">\n<div class=\"wpforms-container wpforms-container-full\" id=\"wpforms-2212\"><form id=\"wpforms-form-2212\" class=\"wpforms-validate wpforms-form wpforms-ajax-form\" data-formid=\"2212\" method=\"post\" enctype=\"multipart\/form-data\" action=\"\/fr\/wp-json\/wp\/v2\/pages\/1547\" data-token=\"5537fb4724e41a6d739d0aafcda86994\" data-token-time=\"1776845897\"><noscript class=\"wpforms-error-noscript\">Veuillez activer JavaScript dans votre navigateur pour remplir ce formulaire.<\/noscript><div class=\"wpforms-field-container\"><div id=\"wpforms-2212-field_0-container\" class=\"wpforms-field wpforms-field-name\" data-field-id=\"0\"><label class=\"wpforms-field-label\" for=\"wpforms-2212-field_0\">Nom <span class=\"wpforms-required-label\">*<\/span><\/label><input type=\"text\" id=\"wpforms-2212-field_0\" class=\"wpforms-field-large wpforms-field-required\" name=\"wpforms[fields][0]\" required><\/div><div id=\"wpforms-2212-field_1-container\" class=\"wpforms-field wpforms-field-email\" data-field-id=\"1\"><label class=\"wpforms-field-label\" for=\"wpforms-2212-field_1\">Email <span class=\"wpforms-required-label\">*<\/span><\/label><input type=\"email\" id=\"wpforms-2212-field_1\" class=\"wpforms-field-large wpforms-field-required\" name=\"wpforms[fields][1]\" spellcheck=\"false\" required><\/div><div id=\"wpforms-2212-field_3-container\" class=\"wpforms-field wpforms-field-phone\" data-field-id=\"3\"><label class=\"wpforms-field-label\" for=\"wpforms-2212-field_3\">T\u00e9l\u00e9phone <span class=\"wpforms-required-label\">*<\/span><\/label><input type=\"tel\" id=\"wpforms-2212-field_3\" class=\"wpforms-field-large wpforms-field-required wpforms-smart-phone-field\" data-rule-smart-phone-field=\"true\" name=\"wpforms[fields][3]\" aria-label=\"T\u00e9l\u00e9phone\" required><\/div><div id=\"wpforms-2212-field_4-container\" class=\"wpforms-field wpforms-field-text\" data-field-id=\"4\"><label class=\"wpforms-field-label\" for=\"wpforms-2212-field_4\">Objet <span class=\"wpforms-required-label\">*<\/span><\/label><input type=\"text\" id=\"wpforms-2212-field_4\" class=\"wpforms-field-large wpforms-field-required\" name=\"wpforms[fields][4]\" required><\/div><div id=\"wpforms-2212-field_2-container\" class=\"wpforms-field wpforms-field-textarea\" data-field-id=\"2\"><label class=\"wpforms-field-label\" for=\"wpforms-2212-field_2\">Commentaire ou message <span class=\"wpforms-required-label\">*<\/span><\/label><textarea id=\"wpforms-2212-field_2\" class=\"wpforms-field-medium wpforms-field-required\" name=\"wpforms[fields][2]\" required><\/textarea><\/div><\/div><!-- .wpforms-field-container --><div class=\"wpforms-recaptcha-container wpforms-is-recaptcha wpforms-is-recaptcha-type-v3\" ><input type=\"hidden\" name=\"wpforms[recaptcha]\" value=\"\"><\/div><div class=\"wpforms-submit-container\" ><input type=\"hidden\" name=\"wpforms[id]\" value=\"2212\"><input type=\"hidden\" name=\"page_title\" value=\"\"><input type=\"hidden\" name=\"page_url\" value=\"https:\/\/maroccoexperience.com\/fr\/wp-json\/wp\/v2\/pages\/1547\"><button type=\"submit\" name=\"wpforms[submit]\" id=\"wpforms-submit-2212\" class=\"wpforms-submit\" data-alt-text=\"Invio in corso...\" data-submit-text=\"envoyer\" aria-live=\"assertive\" value=\"wpforms-submit\">envoyer<\/button><img loading=\"lazy\" decoding=\"async\" src=\"https:\/\/maroccoexperience.com\/wp-content\/plugins\/wpforms\/assets\/images\/submit-spin.svg\" class=\"wpforms-submit-spinner\" style=\"display: none;\" width=\"26\" height=\"26\" alt=\"Chargement en cours\"><\/div><\/form><\/div>  <!-- .wpforms-container -->\n<\/div>\n<\/div>\n","protected":false},"excerpt":{"rendered":"<p>Contacter Marocco Experience \u00c9quipe Marocco Experience heureux de r\u00e9pondre \u00e0 tout le monde pour des \u00e9claircissements, des informations, des curiosit\u00e9s \u2026 bref, pour tout! Faites-nous part de vos envies et passions avant m\u00eame de partir, Marocco Experience personnalisera le voyage de vos r\u00eaves avec vous! Notre bureau Marocco Experience, N1026 Hay Mohammadi, Ouarzazate, CP 45000, [&hellip;]<\/p>\n","protected":false},"author":1,"featured_media":1548,"parent":0,"menu_order":0,"comment_status":"closed","ping_status":"open","template":"","meta":{"_joinchat":[],"footnotes":""},"class_list":["post-1547","page","type-page","status-publish","has-post-thumbnail","hentry"],"yoast_head":"<!-- This site is optimized with the Yoast SEO Premium plugin v25.1 (Yoast SEO v27.4) - https:\/\/yoast.com\/product\/yoast-seo-premium-wordpress\/ -->\n<title>Marocco Experience - Contacts, Infos de Voyage, visites, Promo,<\/title>\n<meta name=\"description\" content=\"\u00c9crivez-nous Marocco Experience pour des \u00e9claircissements, des informations, des curiosit\u00e9s sur les destinations, Tours, H\u00e9bergement, Culture marocaine,\" \/>\n<meta name=\"robots\" content=\"index, follow, max-snippet:-1, max-image-preview:large, max-video-preview:-1\" \/>\n<link rel=\"canonical\" href=\"https:\/\/maroccoexperience.com\/fr\/nous-contacter\/\" \/>\n<meta property=\"og:locale\" content=\"fr_FR\" \/>\n<meta property=\"og:type\" content=\"article\" \/>\n<meta property=\"og:title\" content=\"Nous Contacter\" \/>\n<meta property=\"og:description\" content=\"\u00c9crivez-nous Marocco Experience pour des \u00e9claircissements, des informations, des curiosit\u00e9s sur les destinations, Tours, H\u00e9bergement, Culture marocaine,\" \/>\n<meta property=\"og:url\" content=\"https:\/\/maroccoexperience.com\/fr\/nous-contacter\/\" \/>\n<meta property=\"og:site_name\" content=\"Marocco Experience - Tours, Excursions, Voyages, Transferts, Offres et Promotions\" \/>\n<meta property=\"article:modified_time\" content=\"2023-05-26T18:26:30+00:00\" \/>\n<meta property=\"og:image\" content=\"https:\/\/maroccoexperience.com\/wp-content\/uploads\/2015\/03\/C-giorno3-agdz.jpg\" \/>\n\t<meta property=\"og:image:width\" content=\"3072\" \/>\n\t<meta property=\"og:image:height\" content=\"2304\" \/>\n\t<meta property=\"og:image:type\" content=\"image\/jpeg\" \/>\n<script type=\"application\/ld+json\" class=\"yoast-schema-graph\">{\"@context\":\"https:\\\/\\\/schema.org\",\"@graph\":[{\"@type\":\"WebPage\",\"@id\":\"https:\\\/\\\/maroccoexperience.com\\\/fr\\\/nous-contacter\\\/\",\"url\":\"https:\\\/\\\/maroccoexperience.com\\\/fr\\\/nous-contacter\\\/\",\"name\":\"Marocco Experience - Contacts, Infos de Voyage, visites, Promo,\",\"isPartOf\":{\"@id\":\"https:\\\/\\\/maroccoexperience.com\\\/fr\\\/#website\"},\"primaryImageOfPage\":{\"@id\":\"https:\\\/\\\/maroccoexperience.com\\\/fr\\\/nous-contacter\\\/#primaryimage\"},\"image\":{\"@id\":\"https:\\\/\\\/maroccoexperience.com\\\/fr\\\/nous-contacter\\\/#primaryimage\"},\"thumbnailUrl\":\"https:\\\/\\\/maroccoexperience.com\\\/wp-content\\\/uploads\\\/2015\\\/03\\\/C-giorno3-agdz.jpg\",\"datePublished\":\"2015-05-14T15:22:09+00:00\",\"dateModified\":\"2023-05-26T18:26:30+00:00\",\"description\":\"\u00c9crivez-nous Marocco Experience pour des \u00e9claircissements, des informations, des curiosit\u00e9s sur les destinations, Tours, H\u00e9bergement, Culture marocaine,\",\"breadcrumb\":{\"@id\":\"https:\\\/\\\/maroccoexperience.com\\\/fr\\\/nous-contacter\\\/#breadcrumb\"},\"inLanguage\":\"fr-FR\",\"potentialAction\":[{\"@type\":\"ReadAction\",\"target\":[\"https:\\\/\\\/maroccoexperience.com\\\/fr\\\/nous-contacter\\\/\"]}]},{\"@type\":\"ImageObject\",\"inLanguage\":\"fr-FR\",\"@id\":\"https:\\\/\\\/maroccoexperience.com\\\/fr\\\/nous-contacter\\\/#primaryimage\",\"url\":\"https:\\\/\\\/maroccoexperience.com\\\/wp-content\\\/uploads\\\/2015\\\/03\\\/C-giorno3-agdz.jpg\",\"contentUrl\":\"https:\\\/\\\/maroccoexperience.com\\\/wp-content\\\/uploads\\\/2015\\\/03\\\/C-giorno3-agdz.jpg\",\"width\":3072,\"height\":2304},{\"@type\":\"BreadcrumbList\",\"@id\":\"https:\\\/\\\/maroccoexperience.com\\\/fr\\\/nous-contacter\\\/#breadcrumb\",\"itemListElement\":[{\"@type\":\"ListItem\",\"position\":1,\"name\":\"Home\",\"item\":\"https:\\\/\\\/maroccoexperience.com\\\/fr\\\/\"},{\"@type\":\"ListItem\",\"position\":2,\"name\":\"Nous Contacter\"}]},{\"@type\":\"WebSite\",\"@id\":\"https:\\\/\\\/maroccoexperience.com\\\/fr\\\/#website\",\"url\":\"https:\\\/\\\/maroccoexperience.com\\\/fr\\\/\",\"name\":\"Marocco Experience - Tours, Excursions, Voyages, Transferts, Offres et Promotions\",\"description\":\"Voyager c&#039;est vivre, visites guid\u00e9es, excursions au Maroc\",\"potentialAction\":[{\"@type\":\"SearchAction\",\"target\":{\"@type\":\"EntryPoint\",\"urlTemplate\":\"https:\\\/\\\/maroccoexperience.com\\\/fr\\\/?s={search_term_string}\"},\"query-input\":{\"@type\":\"PropertyValueSpecification\",\"valueRequired\":true,\"valueName\":\"search_term_string\"}}],\"inLanguage\":\"fr-FR\"}]}<\/script>\n<!-- \/ Yoast SEO Premium plugin. -->","yoast_head_json":{"title":"Marocco Experience - Contacts, Infos de Voyage, visites, Promo,","description":"\u00c9crivez-nous Marocco Experience pour des \u00e9claircissements, des informations, des curiosit\u00e9s sur les destinations, Tours, H\u00e9bergement, Culture marocaine,","robots":{"index":"index","follow":"follow","max-snippet":"max-snippet:-1","max-image-preview":"max-image-preview:large","max-video-preview":"max-video-preview:-1"},"canonical":"https:\/\/maroccoexperience.com\/fr\/nous-contacter\/","og_locale":"fr_FR","og_type":"article","og_title":"Nous Contacter","og_description":"\u00c9crivez-nous Marocco Experience pour des \u00e9claircissements, des informations, des curiosit\u00e9s sur les destinations, Tours, H\u00e9bergement, Culture marocaine,","og_url":"https:\/\/maroccoexperience.com\/fr\/nous-contacter\/","og_site_name":"Marocco Experience - Tours, Excursions, Voyages, Transferts, Offres et Promotions","article_modified_time":"2023-05-26T18:26:30+00:00","og_image":[{"width":3072,"height":2304,"url":"https:\/\/maroccoexperience.com\/wp-content\/uploads\/2015\/03\/C-giorno3-agdz.jpg","type":"image\/jpeg"}],"schema":{"@context":"https:\/\/schema.org","@graph":[{"@type":"WebPage","@id":"https:\/\/maroccoexperience.com\/fr\/nous-contacter\/","url":"https:\/\/maroccoexperience.com\/fr\/nous-contacter\/","name":"Marocco Experience - Contacts, Infos de Voyage, visites, Promo,","isPartOf":{"@id":"https:\/\/maroccoexperience.com\/fr\/#website"},"primaryImageOfPage":{"@id":"https:\/\/maroccoexperience.com\/fr\/nous-contacter\/#primaryimage"},"image":{"@id":"https:\/\/maroccoexperience.com\/fr\/nous-contacter\/#primaryimage"},"thumbnailUrl":"https:\/\/maroccoexperience.com\/wp-content\/uploads\/2015\/03\/C-giorno3-agdz.jpg","datePublished":"2015-05-14T15:22:09+00:00","dateModified":"2023-05-26T18:26:30+00:00","description":"\u00c9crivez-nous Marocco Experience pour des \u00e9claircissements, des informations, des curiosit\u00e9s sur les destinations, Tours, H\u00e9bergement, Culture marocaine,","breadcrumb":{"@id":"https:\/\/maroccoexperience.com\/fr\/nous-contacter\/#breadcrumb"},"inLanguage":"fr-FR","potentialAction":[{"@type":"ReadAction","target":["https:\/\/maroccoexperience.com\/fr\/nous-contacter\/"]}]},{"@type":"ImageObject","inLanguage":"fr-FR","@id":"https:\/\/maroccoexperience.com\/fr\/nous-contacter\/#primaryimage","url":"https:\/\/maroccoexperience.com\/wp-content\/uploads\/2015\/03\/C-giorno3-agdz.jpg","contentUrl":"https:\/\/maroccoexperience.com\/wp-content\/uploads\/2015\/03\/C-giorno3-agdz.jpg","width":3072,"height":2304},{"@type":"BreadcrumbList","@id":"https:\/\/maroccoexperience.com\/fr\/nous-contacter\/#breadcrumb","itemListElement":[{"@type":"ListItem","position":1,"name":"Home","item":"https:\/\/maroccoexperience.com\/fr\/"},{"@type":"ListItem","position":2,"name":"Nous Contacter"}]},{"@type":"WebSite","@id":"https:\/\/maroccoexperience.com\/fr\/#website","url":"https:\/\/maroccoexperience.com\/fr\/","name":"Marocco Experience - Tours, Excursions, Voyages, Transferts, Offres et Promotions","description":"Voyager c&#039;est vivre, visites guid\u00e9es, excursions au Maroc","potentialAction":[{"@type":"SearchAction","target":{"@type":"EntryPoint","urlTemplate":"https:\/\/maroccoexperience.com\/fr\/?s={search_term_string}"},"query-input":{"@type":"PropertyValueSpecification","valueRequired":true,"valueName":"search_term_string"}}],"inLanguage":"fr-FR"}]}},"_links":{"self":[{"href":"https:\/\/maroccoexperience.com\/fr\/wp-json\/wp\/v2\/pages\/1547","targetHints":{"allow":["GET"]}}],"collection":[{"href":"https:\/\/maroccoexperience.com\/fr\/wp-json\/wp\/v2\/pages"}],"about":[{"href":"https:\/\/maroccoexperience.com\/fr\/wp-json\/wp\/v2\/types\/page"}],"author":[{"embeddable":true,"href":"https:\/\/maroccoexperience.com\/fr\/wp-json\/wp\/v2\/users\/1"}],"replies":[{"embeddable":true,"href":"https:\/\/maroccoexperience.com\/fr\/wp-json\/wp\/v2\/comments?post=1547"}],"version-history":[{"count":0,"href":"https:\/\/maroccoexperience.com\/fr\/wp-json\/wp\/v2\/pages\/1547\/revisions"}],"wp:featuredmedia":[{"embeddable":true,"href":"https:\/\/maroccoexperience.com\/fr\/wp-json\/wp\/v2\/media\/1548"}],"wp:attachment":[{"href":"https:\/\/maroccoexperience.com\/fr\/wp-json\/wp\/v2\/media?parent=1547"}],"curies":[{"name":"wp","href":"https:\/\/api.w.org\/{rel}","templated":true}]}}